{"id":132,"date":"2015-03-25T17:47:14","date_gmt":"2015-03-25T17:47:14","guid":{"rendered":"http:\/\/chatterie-du-serval.fr\/?page_id=132"},"modified":"2022-08-07T08:18:50","modified_gmt":"2022-08-07T08:18:50","slug":"le-maine-coon-2","status":"publish","type":"page","link":"http:\/\/chatterie-du-serval.fr\/?page_id=132","title":{"rendered":"Le Maine Coon"},"content":{"rendered":"<p style=\"text-align: left;\"><strong>Grand<\/strong>,&nbsp;<strong>muscl\u00e9<\/strong>, avec des pattes hautes, une ossature forte et un corps plut\u00f4t long : un&nbsp;<strong>bel athl\u00e8te<\/strong>, capable de chasser pour survivre, avec une fourrure remarquablement adapt\u00e9e, rustique et r\u00e9sistante \u00e0 l&rsquo;eau. Des oreilles, plus fournies que celles de la plupart des autres races de chats, avec, \u00e0 leur extr\u00e9mit\u00e9, un pinceau de poils qui n&rsquo;est pas sans rappeler celui des lynx&#8230;..voil\u00e0 pour le&nbsp;<strong>\u00ab\u00a0look\u00a0\u00bb sauvage<\/strong>.<\/p>\n<p>Le&nbsp;<strong>Maine Coon<\/strong>&nbsp;n&rsquo;a pas le caract\u00e8re que pourrait le laisser deviner son apparence et son surnom de \u00ab\u00a0<strong>doux g\u00e9ant<\/strong>\u00a0\u00bb n&rsquo;est pas usurp\u00e9.<\/p>\n<p>Premi\u00e8re surprise, son miaulement (voire plut\u00f4t son \u00ab\u00a0<strong>roucoulement<\/strong>\u00ab\u00a0) avec lequel il vous accueille, petit, discret et presque pointu, qui n&rsquo;est pas en rapport avec son important gabarit.<\/p>\n<p>C&rsquo;est un chat dot\u00e9, quant il a \u00e9t\u00e9 tr\u00e8s \u00ab\u00a0socialis\u00e9\u00a0\u00bb depuis sa prime enfance, d&rsquo;un temp\u00e9rament tr\u00e8s&nbsp;<strong>\u00e9quilibr\u00e9<\/strong>, tr\u00e8s&nbsp;<strong>confiant<\/strong>&nbsp;et tr\u00e8s adaptable. Heureux en ext\u00e9rieur (le Coon est chasseur), c&rsquo;est aussi un chat d&rsquo;appartement qui met chaleur et animation dans la maison. Toujours pr\u00e9sent mais pas trop envahissant,&nbsp;<strong>il appr\u00e9cie la compagnie<\/strong>&nbsp;et ne saurait s&rsquo;en passer. Tr\u00e8s proche de ses compagnons humains, toujours \u00e0 c\u00f4t\u00e9 d&rsquo;eux, ce n&rsquo;est pas forc\u00e9ment un chat fourr\u00e9 sur les genoux mais, tr\u00e8s curieux, il appr\u00e9cie d&rsquo;observer tout ce qui se passe, tranquillement.<\/p>\n<p><strong>Chat tr\u00e8s \u00ab\u00a0zen\u00a0\u00bb<\/strong>, contrari\u00e9 ou agac\u00e9, il pr\u00e9f\u00e9rera gagner un endroit plus calme plut\u00f4t que de distribuer coup de patte et coup de griffe. Il n&rsquo;est&nbsp;<strong>pas farouche<\/strong>&nbsp;et apr\u00e8s avoir pris \u00ab\u00a0la mesure\u00a0\u00bb de l&rsquo;assistance, il appr\u00e9ciera d&rsquo;assister \u00e0 une r\u00e9union amicale ou familiale.<\/p>\n<p>C&rsquo;est aussi un chat \u00ab\u00a0chien\u00a0\u00bb qui&nbsp;<strong>aime jouer<\/strong>&nbsp;avec un rien, n&rsquo;h\u00e9sitera pas \u00e0 vous rapporter la souris que vous lui avez lanc\u00e9e et laissera s&rsquo;exprimer toute sa cr\u00e9ativit\u00e9 \u00e0 travers toutes ses \u00ab\u00a0cooneries\u00a0\u00bb, seul, avec ses cong\u00e9n\u00e8res ou d&rsquo;autres compagnons (chiens, f\u00fbrets,&#8230;).<\/p>\n<p>Autre surprise, de la l\u00e9gende de ses origines (croisement certes impossible d&rsquo;un chat sauvage et d&rsquo;un raton laveur), il a une certaine attirance pour l&rsquo;eau. Tr\u00e8s adroit, il appr\u00e9cie de boire \u00ab\u00a0\u00e0 la patte\u00a0\u00bb, plongeant cette derni\u00e8re dans le dit liquide pour sucer ensuite ses grands poils interdigitaux, et m\u00eame, mim\u00e9tisme avec les humains, de r\u00e9cup\u00e9rer d\u00e9licatement les croquettes qu&rsquo;il a mises \u00e0 tremper dans sa gamelle d&rsquo;eau! Son attrait pour ce liquide a cependant ses limites et le bain pr\u00e9paratoire \u00e0 une \u00e9ventuelle exposition n&rsquo;est pas toujours tr\u00e8s appr\u00e9ci\u00e9 (il lui arrive de perdre alors sa \u00ab\u00a0zen attitude\u00a0\u00bb&#8230;).<\/p>\n<p>Si la diff\u00e9rence de taille entre les&nbsp;<strong>m\u00e2les<\/strong>&nbsp;et les&nbsp;<strong>femelles<\/strong>&nbsp;peut \u00eatre importante, elle induit \u00e9galement un \u00ab\u00a0style\u00a0\u00bb diff\u00e9rent pour les deux sexes :<\/p>\n<p>Les filles ont le charme des lionnes, toute en dignit\u00e9 et en \u00e9l\u00e9gance. Elles sont aussi, semble-t-il, plus \u00ab\u00a0chipies\u00a0\u00bb et pr\u00e9f\u00e8re les hommes (qui eux pr\u00e9f\u00e8rent souvent les grands gabarits et donc les m\u00e2les&#8230;). Le Maine Coon a m\u00eame \u00e9t\u00e9 reconnu comme \u00e9tant le chat le plus virile et appr\u00e9ci\u00e9 de ces Messieurs.<\/p>\n<p>Les gar\u00e7ons ont un c\u00f4t\u00e9 plus \u00ab\u00a0nounours\u00a0\u00bb, principalement chez les neutr\u00e9s. Avant d&rsquo;acqu\u00e9rir, \u00e0 la maturit\u00e9 (tardive chez cette race), la pleine ma\u00eetrise de leur grand corps, les m\u00e2les peuvent avoir un c\u00f4t\u00e9 maladroit, voire pataud ce qui les rend d&rsquo;autant plus attachants. Ils semblent eux plus attir\u00e9s par les femmes.<\/p>\n<p>En r\u00e9sum\u00e9&#8230;.le&nbsp;<strong>Maine Coon<\/strong>&nbsp;est un chat&nbsp;<strong>sociable<\/strong>&nbsp;et&nbsp;<strong>social<\/strong>,&nbsp;<strong>tr\u00e8s \u00e9quilibr\u00e9<\/strong>&nbsp;et&nbsp;<strong>bien dans sa t\u00eate<\/strong>. Il poss\u00e8de un certain art pour s&rsquo;adapter et se faire accepter, faisant preuve de&nbsp;<strong>douceur<\/strong>&nbsp;et de&nbsp;<strong>patience<\/strong>&nbsp;ce qui peut en faire un tr\u00e8s bon compagnon pour les enfants.<\/p>\n<p>&nbsp;<\/p>\n<p style=\"text-align: center;\"><strong>Attention toutefois, je dois vous mettre en garde, une fois que vous gouttez au Maine Coon&#8230;il n&rsquo;y a plus de retours possible&#8230;<\/strong><\/p>\n<p style=\"text-align: center;\"><strong>Inexorablement, vous serez tent\u00e9 par en prendre un second, et plus si affinit\u00e9s&#8230;<\/strong><\/p>\n","protected":false},"excerpt":{"rendered":"<p>Grand,&nbsp;muscl\u00e9, avec des pattes hautes, une ossature forte et un corps plut\u00f4t long : un&nbsp;bel athl\u00e8te, capable de chasser pour survivre, avec une fourrure remarquablement adapt\u00e9e, rustique et r\u00e9sistante \u00e0 l&rsquo;eau. Des oreilles, plus fournies que celles de la plupart des autres races de chats, avec, \u00e0 leur extr\u00e9mit\u00e9, un pinceau de poils qui n&rsquo;est &hellip; <a href=\"http:\/\/chatterie-du-serval.fr\/?page_id=132\" class=\"more-link\">Continuer la lecture de <span class=\"screen-reader-text\">Le Maine Coon<\/span><\/a><\/p>\n","protected":false},"author":1,"featured_media":0,"parent":0,"menu_order":0,"comment_status":"closed","ping_status":"open","template":"","meta":{"jetpack_post_was_ever_published":false,"footnotes":""},"class_list":["post-132","page","type-page","status-publish","hentry"],"jetpack_sharing_enabled":true,"jetpack_shortlink":"https:\/\/wp.me\/P62eiX-28","jetpack-related-posts":[],"_links":{"self":[{"href":"http:\/\/chatterie-du-serval.fr\/index.php?rest_route=\/wp\/v2\/pages\/132","targetHints":{"allow":["GET"]}}],"collection":[{"href":"http:\/\/chatterie-du-serval.fr\/index.php?rest_route=\/wp\/v2\/pages"}],"about":[{"href":"http:\/\/chatterie-du-serval.fr\/index.php?rest_route=\/wp\/v2\/types\/page"}],"author":[{"embeddable":true,"href":"http:\/\/chatterie-du-serval.fr\/index.php?rest_route=\/wp\/v2\/users\/1"}],"replies":[{"embeddable":true,"href":"http:\/\/chatterie-du-serval.fr\/index.php?rest_route=%2Fwp%2Fv2%2Fcomments&post=132"}],"version-history":[{"count":6,"href":"http:\/\/chatterie-du-serval.fr\/index.php?rest_route=\/wp\/v2\/pages\/132\/revisions"}],"predecessor-version":[{"id":1401,"href":"http:\/\/chatterie-du-serval.fr\/index.php?rest_route=\/wp\/v2\/pages\/132\/revisions\/1401"}],"wp:attachment":[{"href":"http:\/\/chatterie-du-serval.fr\/index.php?rest_route=%2Fwp%2Fv2%2Fmedia&parent=132"}],"curies":[{"name":"wp","href":"https:\/\/api.w.org\/{rel}","templated":true}]}}