{"id":1329,"date":"2022-08-01T14:38:30","date_gmt":"2022-08-01T14:38:30","guid":{"rendered":"http:\/\/chatterie-du-serval.fr\/?page_id=1329"},"modified":"2025-11-02T17:52:41","modified_gmt":"2025-11-02T17:52:41","slug":"tano-ahsoka-pp-du-serval","status":"publish","type":"page","link":"http:\/\/chatterie-du-serval.fr\/?page_id=1329","title":{"rendered":"Tano Ahsoka PP du Serval"},"content":{"rendered":"<div class=\"wp-block-image\">\n<figure class=\"aligncenter size-full\"><a href=\"https:\/\/i0.wp.com\/chatterie-du-serval.fr\/wp-content\/uploads\/2023\/06\/340070913_794856625537903_476092872779368821_n.jpg\"><img data-recalc-dims=\"1\" loading=\"lazy\" decoding=\"async\" width=\"660\" height=\"880\" data-attachment-id=\"1513\" data-permalink=\"http:\/\/chatterie-du-serval.fr\/?attachment_id=1513\" data-orig-file=\"https:\/\/i0.wp.com\/chatterie-du-serval.fr\/wp-content\/uploads\/2023\/06\/340070913_794856625537903_476092872779368821_n.jpg?fit=720%2C960\" data-orig-size=\"720,960\" data-comments-opened=\"0\" data-image-meta=\"{&quot;aperture&quot;:&quot;0&quot;,&quot;credit&quot;:&quot;&quot;,&quot;camera&quot;:&quot;&quot;,&quot;caption&quot;:&quot;&quot;,&quot;created_timestamp&quot;:&quot;0&quot;,&quot;copyright&quot;:&quot;&quot;,&quot;focal_length&quot;:&quot;0&quot;,&quot;iso&quot;:&quot;0&quot;,&quot;shutter_speed&quot;:&quot;0&quot;,&quot;title&quot;:&quot;&quot;,&quot;orientation&quot;:&quot;0&quot;}\" data-image-title=\"340070913_794856625537903_476092872779368821_n\" data-image-description=\"\" data-image-caption=\"\" data-large-file=\"https:\/\/i0.wp.com\/chatterie-du-serval.fr\/wp-content\/uploads\/2023\/06\/340070913_794856625537903_476092872779368821_n.jpg?fit=660%2C880\" src=\"https:\/\/i0.wp.com\/chatterie-du-serval.fr\/wp-content\/uploads\/2023\/06\/340070913_794856625537903_476092872779368821_n.jpg?resize=660%2C880\" alt=\"\" class=\"wp-image-1513\" srcset=\"https:\/\/i0.wp.com\/chatterie-du-serval.fr\/wp-content\/uploads\/2023\/06\/340070913_794856625537903_476092872779368821_n.jpg?w=720 720w, https:\/\/i0.wp.com\/chatterie-du-serval.fr\/wp-content\/uploads\/2023\/06\/340070913_794856625537903_476092872779368821_n.jpg?resize=225%2C300 225w\" sizes=\"auto, (max-width: 660px) 100vw, 660px\" \/><\/a><\/figure>\n<\/div>\n\n\n<p><strong>Tano Ahsoka PP du Serval n\u00e9e le 19\/05\/2022 \u2013 Notre Princesse black Smoke<\/strong> <strong>Polydactyle des 4 pattes : coup de foudre de mon mari. <\/strong><\/p>\n\n\n\n<figure class=\"wp-block-table\"><table><tbody><tr><td><strong>Couleur :<\/strong>&nbsp;Black Smoke<\/td><td><strong>Sain par ADN&nbsp;:<\/strong>&nbsp;HCM SMA PKDEF PKD&nbsp;<\/td><\/tr><tr><td><strong>Echographie doppler<\/strong>&nbsp;: ok<\/td><td><strong>C\u0153ur et rein<\/strong>&nbsp;: normaux<\/td><\/tr><\/tbody><\/table><\/figure>\n\n\n\n<p><strong>Pour tout savoir sur le polydactyle<\/strong> :&nbsp;<a href=\"http:\/\/chatterie-du-serval.fr\/wp-admin\/post.php?post=319&amp;action=edit\">http:\/\/chatterie-du-serval.fr\/wp-admin\/post.php?post=319&amp;action=edit<\/a><\/p>\n\n\n\n<p>Mon mari l&rsquo;a attendu depuis des ann\u00e9es&#8230;esp\u00e9rant une petite panth\u00e8re noire aux grosses patounes. 1\u00e8re n\u00e9e \u00e0 la Chatterie il \u00e9tait donc \u00e9vident que nous allions la garder.<\/p>\n\n\n\n<p>Joueuse et ronronnante, je crois que je n&rsquo;ai jamais vu mon mari autant gaga devant un chat. C&rsquo;est tout ce qu&rsquo;il esp\u00e9rait.. serait-ce son \u00e2me-s\u0153ur chat ? <\/p>\n\n\n\n<p><strong>Taux de consanguinit\u00e9 Tano Ahsoka \/ Stewball : 15,7 %<\/strong><\/p>\n\n\n\n<p><strong><strong>Taux de consanguinit\u00e9 <strong>Tano Ahsoka <\/strong><\/strong>\/ Velours :\u00a015,6%<\/strong><\/p>\n\n\n\n<p><a href=\"https:\/\/www.pawpeds.com\/db\/?a=p&amp;id=1683640&amp;g=4&amp;p=mco&amp;o=elastic\">Pedigree Tano Ahsoka PP du Serval<\/a> <\/p>\n\n\n<div class=\"wp-block-image\">\n<figure class=\"aligncenter size-full\"><a href=\"https:\/\/i0.wp.com\/chatterie-du-serval.fr\/wp-content\/uploads\/2022\/12\/319545257_603160695143495_136844890197665573_n.jpg\"><img data-recalc-dims=\"1\" loading=\"lazy\" decoding=\"async\" width=\"660\" height=\"825\" data-attachment-id=\"1468\" data-permalink=\"http:\/\/chatterie-du-serval.fr\/?attachment_id=1468\" data-orig-file=\"https:\/\/i0.wp.com\/chatterie-du-serval.fr\/wp-content\/uploads\/2022\/12\/319545257_603160695143495_136844890197665573_n.jpg?fit=768%2C960\" data-orig-size=\"768,960\" data-comments-opened=\"0\" data-image-meta=\"{&quot;aperture&quot;:&quot;0&quot;,&quot;credit&quot;:&quot;&quot;,&quot;camera&quot;:&quot;&quot;,&quot;caption&quot;:&quot;&quot;,&quot;created_timestamp&quot;:&quot;0&quot;,&quot;copyright&quot;:&quot;&quot;,&quot;focal_length&quot;:&quot;0&quot;,&quot;iso&quot;:&quot;0&quot;,&quot;shutter_speed&quot;:&quot;0&quot;,&quot;title&quot;:&quot;&quot;,&quot;orientation&quot;:&quot;0&quot;}\" data-image-title=\"319545257_603160695143495_136844890197665573_n\" data-image-description=\"\" data-image-caption=\"\" data-large-file=\"https:\/\/i0.wp.com\/chatterie-du-serval.fr\/wp-content\/uploads\/2022\/12\/319545257_603160695143495_136844890197665573_n.jpg?fit=660%2C825\" src=\"https:\/\/i0.wp.com\/chatterie-du-serval.fr\/wp-content\/uploads\/2022\/12\/319545257_603160695143495_136844890197665573_n.jpg?resize=660%2C825\" alt=\"\" class=\"wp-image-1468\" srcset=\"https:\/\/i0.wp.com\/chatterie-du-serval.fr\/wp-content\/uploads\/2022\/12\/319545257_603160695143495_136844890197665573_n.jpg?w=768 768w, https:\/\/i0.wp.com\/chatterie-du-serval.fr\/wp-content\/uploads\/2022\/12\/319545257_603160695143495_136844890197665573_n.jpg?resize=240%2C300 240w\" sizes=\"auto, (max-width: 660px) 100vw, 660px\" \/><\/a><\/figure>\n<\/div>\n\n<div class=\"wp-block-image\">\n<figure class=\"aligncenter size-large\"><a href=\"https:\/\/i0.wp.com\/chatterie-du-serval.fr\/wp-content\/uploads\/2022\/08\/293669133_2262339217261076_8510533051734310040_n.jpg\"><img data-recalc-dims=\"1\" loading=\"lazy\" decoding=\"async\" width=\"660\" height=\"660\" data-attachment-id=\"1338\" data-permalink=\"http:\/\/chatterie-du-serval.fr\/?attachment_id=1338\" data-orig-file=\"https:\/\/i0.wp.com\/chatterie-du-serval.fr\/wp-content\/uploads\/2022\/08\/293669133_2262339217261076_8510533051734310040_n.jpg?fit=2048%2C2048\" data-orig-size=\"2048,2048\" data-comments-opened=\"0\" data-image-meta=\"{&quot;aperture&quot;:&quot;0&quot;,&quot;credit&quot;:&quot;&quot;,&quot;camera&quot;:&quot;&quot;,&quot;caption&quot;:&quot;&quot;,&quot;created_timestamp&quot;:&quot;0&quot;,&quot;copyright&quot;:&quot;&quot;,&quot;focal_length&quot;:&quot;0&quot;,&quot;iso&quot;:&quot;0&quot;,&quot;shutter_speed&quot;:&quot;0&quot;,&quot;title&quot;:&quot;&quot;,&quot;orientation&quot;:&quot;0&quot;}\" data-image-title=\"293669133_2262339217261076_8510533051734310040_n\" data-image-description=\"\" data-image-caption=\"\" data-large-file=\"https:\/\/i0.wp.com\/chatterie-du-serval.fr\/wp-content\/uploads\/2022\/08\/293669133_2262339217261076_8510533051734310040_n.jpg?fit=660%2C660\" src=\"https:\/\/i0.wp.com\/chatterie-du-serval.fr\/wp-content\/uploads\/2022\/08\/293669133_2262339217261076_8510533051734310040_n.jpg?resize=660%2C660\" alt=\"\" class=\"wp-image-1338\" srcset=\"https:\/\/i0.wp.com\/chatterie-du-serval.fr\/wp-content\/uploads\/2022\/08\/293669133_2262339217261076_8510533051734310040_n.jpg?resize=1024%2C1024 1024w, https:\/\/i0.wp.com\/chatterie-du-serval.fr\/wp-content\/uploads\/2022\/08\/293669133_2262339217261076_8510533051734310040_n.jpg?resize=300%2C300 300w, https:\/\/i0.wp.com\/chatterie-du-serval.fr\/wp-content\/uploads\/2022\/08\/293669133_2262339217261076_8510533051734310040_n.jpg?resize=150%2C150 150w, https:\/\/i0.wp.com\/chatterie-du-serval.fr\/wp-content\/uploads\/2022\/08\/293669133_2262339217261076_8510533051734310040_n.jpg?resize=768%2C768 768w, https:\/\/i0.wp.com\/chatterie-du-serval.fr\/wp-content\/uploads\/2022\/08\/293669133_2262339217261076_8510533051734310040_n.jpg?resize=1536%2C1536 1536w, https:\/\/i0.wp.com\/chatterie-du-serval.fr\/wp-content\/uploads\/2022\/08\/293669133_2262339217261076_8510533051734310040_n.jpg?w=2048 2048w, https:\/\/i0.wp.com\/chatterie-du-serval.fr\/wp-content\/uploads\/2022\/08\/293669133_2262339217261076_8510533051734310040_n.jpg?w=1320 1320w, https:\/\/i0.wp.com\/chatterie-du-serval.fr\/wp-content\/uploads\/2022\/08\/293669133_2262339217261076_8510533051734310040_n.jpg?w=1980 1980w\" sizes=\"auto, (max-width: 660px) 100vw, 660px\" \/><\/a><\/figure>\n<\/div>\n\n<div class=\"wp-block-image\">\n<figure class=\"aligncenter size-large\"><a href=\"https:\/\/i0.wp.com\/chatterie-du-serval.fr\/wp-content\/uploads\/2022\/08\/289010378_2240443332783998_9133415544708409411_n.jpg\"><img data-recalc-dims=\"1\" loading=\"lazy\" decoding=\"async\" width=\"660\" height=\"660\" data-attachment-id=\"1339\" data-permalink=\"http:\/\/chatterie-du-serval.fr\/?attachment_id=1339\" data-orig-file=\"https:\/\/i0.wp.com\/chatterie-du-serval.fr\/wp-content\/uploads\/2022\/08\/289010378_2240443332783998_9133415544708409411_n.jpg?fit=2048%2C2048\" data-orig-size=\"2048,2048\" data-comments-opened=\"0\" data-image-meta=\"{&quot;aperture&quot;:&quot;0&quot;,&quot;credit&quot;:&quot;&quot;,&quot;camera&quot;:&quot;&quot;,&quot;caption&quot;:&quot;&quot;,&quot;created_timestamp&quot;:&quot;0&quot;,&quot;copyright&quot;:&quot;&quot;,&quot;focal_length&quot;:&quot;0&quot;,&quot;iso&quot;:&quot;0&quot;,&quot;shutter_speed&quot;:&quot;0&quot;,&quot;title&quot;:&quot;&quot;,&quot;orientation&quot;:&quot;0&quot;}\" data-image-title=\"289010378_2240443332783998_9133415544708409411_n\" data-image-description=\"\" data-image-caption=\"\" data-large-file=\"https:\/\/i0.wp.com\/chatterie-du-serval.fr\/wp-content\/uploads\/2022\/08\/289010378_2240443332783998_9133415544708409411_n.jpg?fit=660%2C660\" src=\"https:\/\/i0.wp.com\/chatterie-du-serval.fr\/wp-content\/uploads\/2022\/08\/289010378_2240443332783998_9133415544708409411_n.jpg?resize=660%2C660\" alt=\"\" class=\"wp-image-1339\" srcset=\"https:\/\/i0.wp.com\/chatterie-du-serval.fr\/wp-content\/uploads\/2022\/08\/289010378_2240443332783998_9133415544708409411_n.jpg?resize=1024%2C1024 1024w, https:\/\/i0.wp.com\/chatterie-du-serval.fr\/wp-content\/uploads\/2022\/08\/289010378_2240443332783998_9133415544708409411_n.jpg?resize=300%2C300 300w, https:\/\/i0.wp.com\/chatterie-du-serval.fr\/wp-content\/uploads\/2022\/08\/289010378_2240443332783998_9133415544708409411_n.jpg?resize=150%2C150 150w, https:\/\/i0.wp.com\/chatterie-du-serval.fr\/wp-content\/uploads\/2022\/08\/289010378_2240443332783998_9133415544708409411_n.jpg?resize=768%2C768 768w, https:\/\/i0.wp.com\/chatterie-du-serval.fr\/wp-content\/uploads\/2022\/08\/289010378_2240443332783998_9133415544708409411_n.jpg?resize=1536%2C1536 1536w, https:\/\/i0.wp.com\/chatterie-du-serval.fr\/wp-content\/uploads\/2022\/08\/289010378_2240443332783998_9133415544708409411_n.jpg?w=2048 2048w, https:\/\/i0.wp.com\/chatterie-du-serval.fr\/wp-content\/uploads\/2022\/08\/289010378_2240443332783998_9133415544708409411_n.jpg?w=1320 1320w, https:\/\/i0.wp.com\/chatterie-du-serval.fr\/wp-content\/uploads\/2022\/08\/289010378_2240443332783998_9133415544708409411_n.jpg?w=1980 1980w\" sizes=\"auto, (max-width: 660px) 100vw, 660px\" \/><\/a><\/figure>\n<\/div>\n\n\n<figure class=\"wp-block-table\"><table><tbody><tr><td>La Maman Just a Dream N\u00e9gane PP<\/td><td>Le Papa Ragnar PP de Witchcoon<\/td><\/tr><tr><td><img data-recalc-dims=\"1\" decoding=\"async\" src=\"https:\/\/i0.wp.com\/chatterie-du-serval.fr\/wp-content\/uploads\/2020\/02\/83234934_1540171876144484_3679600135769161728_o.jpg?w=660\" alt=\"\"><\/td><td><img data-recalc-dims=\"1\" loading=\"lazy\" decoding=\"async\" width=\"660\" height=\"825\" data-attachment-id=\"1049\" data-permalink=\"http:\/\/chatterie-du-serval.fr\/?attachment_id=1049\" data-orig-file=\"https:\/\/i0.wp.com\/chatterie-du-serval.fr\/wp-content\/uploads\/2021\/02\/145493430_1862321353929533_330075535410114514_o.jpg?fit=1366%2C1707\" data-orig-size=\"1366,1707\" data-comments-opened=\"0\" data-image-meta=\"{&quot;aperture&quot;:&quot;0&quot;,&quot;credit&quot;:&quot;&quot;,&quot;camera&quot;:&quot;&quot;,&quot;caption&quot;:&quot;&quot;,&quot;created_timestamp&quot;:&quot;0&quot;,&quot;copyright&quot;:&quot;&quot;,&quot;focal_length&quot;:&quot;0&quot;,&quot;iso&quot;:&quot;0&quot;,&quot;shutter_speed&quot;:&quot;0&quot;,&quot;title&quot;:&quot;&quot;,&quot;orientation&quot;:&quot;0&quot;}\" data-image-title=\"145493430_1862321353929533_330075535410114514_o\" data-image-description=\"\" data-image-caption=\"\" data-large-file=\"https:\/\/i0.wp.com\/chatterie-du-serval.fr\/wp-content\/uploads\/2021\/02\/145493430_1862321353929533_330075535410114514_o.jpg?fit=660%2C825\" class=\"wp-image-1049\" style=\"width: 750px;\" src=\"https:\/\/i0.wp.com\/chatterie-du-serval.fr\/wp-content\/uploads\/2021\/02\/145493430_1862321353929533_330075535410114514_o.jpg?resize=660%2C825\" alt=\"\" srcset=\"https:\/\/i0.wp.com\/chatterie-du-serval.fr\/wp-content\/uploads\/2021\/02\/145493430_1862321353929533_330075535410114514_o.jpg?w=1366 1366w, https:\/\/i0.wp.com\/chatterie-du-serval.fr\/wp-content\/uploads\/2021\/02\/145493430_1862321353929533_330075535410114514_o.jpg?resize=240%2C300 240w, https:\/\/i0.wp.com\/chatterie-du-serval.fr\/wp-content\/uploads\/2021\/02\/145493430_1862321353929533_330075535410114514_o.jpg?resize=819%2C1024 819w, https:\/\/i0.wp.com\/chatterie-du-serval.fr\/wp-content\/uploads\/2021\/02\/145493430_1862321353929533_330075535410114514_o.jpg?resize=768%2C960 768w, https:\/\/i0.wp.com\/chatterie-du-serval.fr\/wp-content\/uploads\/2021\/02\/145493430_1862321353929533_330075535410114514_o.jpg?resize=1229%2C1536 1229w, https:\/\/i0.wp.com\/chatterie-du-serval.fr\/wp-content\/uploads\/2021\/02\/145493430_1862321353929533_330075535410114514_o.jpg?resize=972%2C1215 972w\" sizes=\"auto, (max-width: 660px) 100vw, 660px\" \/><\/td><\/tr><\/tbody><\/table><\/figure>\n\n\n\n<p>\ufeff<\/p>\n","protected":false},"excerpt":{"rendered":"<p>Tano Ahsoka PP du Serval n\u00e9e le 19\/05\/2022 \u2013 Notre Princesse black Smoke Polydactyle des 4 pattes : coup de foudre de mon mari. Couleur :&nbsp;Black Smoke Sain par ADN&nbsp;:&nbsp;HCM SMA PKDEF PKD&nbsp; Echographie doppler&nbsp;: ok C\u0153ur et rein&nbsp;: normaux Pour tout savoir sur le polydactyle :&nbsp;http:\/\/chatterie-du-serval.fr\/wp-admin\/post.php?post=319&amp;action=edit Mon mari l&rsquo;a attendu depuis des ann\u00e9es&#8230;esp\u00e9rant une &hellip; <a href=\"http:\/\/chatterie-du-serval.fr\/?page_id=1329\" class=\"more-link\">Continuer la lecture de <span class=\"screen-reader-text\">Tano Ahsoka PP du Serval<\/span><\/a><\/p>\n","protected":false},"author":1,"featured_media":0,"parent":0,"menu_order":0,"comment_status":"closed","ping_status":"closed","template":"","meta":{"jetpack_post_was_ever_published":false,"footnotes":""},"class_list":["post-1329","page","type-page","status-publish","hentry"],"jetpack_sharing_enabled":true,"jetpack_shortlink":"https:\/\/wp.me\/P62eiX-lr","jetpack-related-posts":[],"_links":{"self":[{"href":"http:\/\/chatterie-du-serval.fr\/index.php?rest_route=\/wp\/v2\/pages\/1329","targetHints":{"allow":["GET"]}}],"collection":[{"href":"http:\/\/chatterie-du-serval.fr\/index.php?rest_route=\/wp\/v2\/pages"}],"about":[{"href":"http:\/\/chatterie-du-serval.fr\/index.php?rest_route=\/wp\/v2\/types\/page"}],"author":[{"embeddable":true,"href":"http:\/\/chatterie-du-serval.fr\/index.php?rest_route=\/wp\/v2\/users\/1"}],"replies":[{"embeddable":true,"href":"http:\/\/chatterie-du-serval.fr\/index.php?rest_route=%2Fwp%2Fv2%2Fcomments&post=1329"}],"version-history":[{"count":14,"href":"http:\/\/chatterie-du-serval.fr\/index.php?rest_route=\/wp\/v2\/pages\/1329\/revisions"}],"predecessor-version":[{"id":1828,"href":"http:\/\/chatterie-du-serval.fr\/index.php?rest_route=\/wp\/v2\/pages\/1329\/revisions\/1828"}],"wp:attachment":[{"href":"http:\/\/chatterie-du-serval.fr\/index.php?rest_route=%2Fwp%2Fv2%2Fmedia&parent=1329"}],"curies":[{"name":"wp","href":"https:\/\/api.w.org\/{rel}","templated":true}]}}