{"id":849,"date":"2019-05-15T16:58:12","date_gmt":"2019-05-15T16:58:12","guid":{"rendered":"http:\/\/chatterie-du-serval.fr\/?page_id=849"},"modified":"2023-12-14T15:44:09","modified_gmt":"2023-12-14T15:44:09","slug":"retraitee","status":"publish","type":"page","link":"http:\/\/chatterie-du-serval.fr\/?page_id=849","title":{"rendered":"Nos retrait\u00e9s"},"content":{"rendered":"<p style=\"text-align: center;\"><strong>Nos retrait\u00e9s restent \u00e0 la Chatterie. Ils ne sont pas \u00e0 vendre.<\/strong><\/p>\n<p><strong>Iris de Loam<\/strong> n<strong>\u00e9e le 15 mai 2013 &#8211; Ma\u00eetresse de la maison. Chef de tous les chats- et peut \u00eatre m\u00eame de ses Ma\u00eetres.<\/strong><\/p>\n<p>Tout a commenc\u00e9 gr\u00e2ce \u00e0 toi&#8230;ma passion du Maine Coon, celle qui a fait&nbsp; que d&rsquo;un Coon je sois pass\u00e9 \u00e0 deux puis plus&#8230; mon \u00e9levage&#8230;tout un symbole. Si nous avons d\u00e9m\u00e9nag\u00e9 c&rsquo;est aussi pour toi, une plus grande maison, un plus grand jardin&#8230;la vie en com<span class=\"text_exposed_show\">munaut\u00e9 commence \u00e0 te stresser&#8230;tu te&nbsp;laves beaucoup, enl\u00e8ves tes poils&#8230;sortir, te divertir,&nbsp;te&nbsp;feront le plus grand bien. Bient\u00f4t tu retrouveras ta belle toison et le bonheur des grands espaces. Mais avant cela je voulais te dire MERCI, gr\u00e2ce \u00e0 toi j&rsquo;ai grandie dans le monde de l&rsquo;\u00e9levage, je me souviendrais toujours des chatons que tu m&rsquo;apportais la nuit dans le lit pour que je m&rsquo;en occupe, de l&rsquo;amour inconditionnel que tu as port\u00e9 et portes encore \u00e0 tes chatons, de nos moments \u00e0 nous sur le canap\u00e9&#8230;et je suis fi\u00e8re aujourd&rsquo;hui de pouvoir t&rsquo;apporter une retraite heureuse au sein de notre foyer&nbsp;<span class=\"_47e3 _5mfr\" title=\"\u00e9motic\u00f4ne heart\"><img loading=\"lazy\" decoding=\"async\" class=\"img\" src=\"https:\/\/static.xx.fbcdn.net\/images\/emoji.php\/v9\/tf3\/1.5\/16\/2764.png\" alt=\"\" width=\"16\" height=\"16\">&nbsp;<\/span><\/span><\/p>\n<p><span class=\"text_exposed_show\">Merci ma belle&#8230;Je t&rsquo;aime du fond du c\u0153ur <span class=\"_47e3 _5mfr\" title=\"\u00e9motic\u00f4ne heart\"><img loading=\"lazy\" decoding=\"async\" class=\"img\" src=\"https:\/\/static.xx.fbcdn.net\/images\/emoji.php\/v9\/tf3\/1.5\/16\/2764.png\" alt=\"\" width=\"16\" height=\"16\"><\/span><\/span><\/p>\n<p><a href=\"https:\/\/i0.wp.com\/chatterie-du-serval.fr\/wp-content\/uploads\/2015\/03\/iris-121217.jpeg\"><img data-recalc-dims=\"1\" loading=\"lazy\" decoding=\"async\" data-attachment-id=\"563\" data-permalink=\"http:\/\/chatterie-du-serval.fr\/?attachment_id=563\" data-orig-file=\"https:\/\/i0.wp.com\/chatterie-du-serval.fr\/wp-content\/uploads\/2015\/03\/iris-121217.jpeg?fit=810%2C926\" data-orig-size=\"810,926\" data-comments-opened=\"0\" data-image-meta=\"{&quot;aperture&quot;:&quot;0&quot;,&quot;credit&quot;:&quot;&quot;,&quot;camera&quot;:&quot;&quot;,&quot;caption&quot;:&quot;&quot;,&quot;created_timestamp&quot;:&quot;0&quot;,&quot;copyright&quot;:&quot;&quot;,&quot;focal_length&quot;:&quot;0&quot;,&quot;iso&quot;:&quot;0&quot;,&quot;shutter_speed&quot;:&quot;0&quot;,&quot;title&quot;:&quot;&quot;,&quot;orientation&quot;:&quot;1&quot;}\" data-image-title=\"iris 121217\" data-image-description=\"\" data-image-caption=\"\" data-large-file=\"https:\/\/i0.wp.com\/chatterie-du-serval.fr\/wp-content\/uploads\/2015\/03\/iris-121217.jpeg?fit=660%2C755\" class=\"alignnone size-full wp-image-563\" src=\"https:\/\/i0.wp.com\/chatterie-du-serval.fr\/wp-content\/uploads\/2015\/03\/iris-121217.jpeg?resize=660%2C755\" alt=\"iris 121217\" width=\"660\" height=\"755\" srcset=\"https:\/\/i0.wp.com\/chatterie-du-serval.fr\/wp-content\/uploads\/2015\/03\/iris-121217.jpeg?w=810 810w, https:\/\/i0.wp.com\/chatterie-du-serval.fr\/wp-content\/uploads\/2015\/03\/iris-121217.jpeg?resize=262%2C300 262w, https:\/\/i0.wp.com\/chatterie-du-serval.fr\/wp-content\/uploads\/2015\/03\/iris-121217.jpeg?resize=768%2C878 768w\" sizes=\"auto, (max-width: 660px) 100vw, 660px\" \/><\/a><\/p>\n<p><strong>Lady Sansa de Winterfell, n\u00e9e le 26 mai 2015 \u2013 La plus placide des minettes, douceur de ma fille.&nbsp;<\/strong><\/p>\n<p>Ma douce Lady Sansa, le Grand jour est arriv\u00e9. Te voil\u00e0 retrait\u00e9e d\u2019\u00e9levage\u2026 St\u00e9rilis\u00e9e, tu as bien m\u00e9rit\u00e9 ce repos. Pour nous c\u2019est une page qui se tourne, tu es ma 2\u00e8me retrait\u00e9e. Tu resteras toujours avec nous, choy\u00e9e comme au 1er jour. Je me souviens de ces 12 heures de voitures pour aller te chercher&#8230;un coup de c\u0153ur sur photo. Ma fille avait 4 ans et tu es devenue SON chat. Je me suis toujours demand\u00e9e si tu avais un instinct de survie quand je voyais ma fille courir vers toi, se laisser glisser \u00e0 genoux sur le carrelage\u2026te r\u00e9cup\u00e9rant au passage dans ses bras\u2026et toi te laissant faire avec d\u00e9lice. Depuis, quand tu n\u2019as pas de b\u00e9b\u00e9, tu dors avec elle\u2026aujourd\u2019hui tu y passeras toutes tes nuits\u2026 ronronnant au-dessus de son oreiller. Que de belles familles rencontr\u00e9es gr\u00e2ce \u00e0 toi, merci \u00e0 vous, merci du FOND DU C\u0152UR\u2026 tu as mis au monde des chats magnifiques et ronronnant \u2026nous sommes fier de garder R\u2019Mione, ta fille qui te ressemble tant et qui prend aussi ses marques dans le lit de ma fille\u2026Tu resteras j\u2019en suis s\u00fbre LA super TATA, comme tu as toujours fait, en t\u2019occupant d\u00e8s la naissance, des chatons des copines et en leur apprenant la chasse en leur apportant des Knackis <span class=\"pq6dq46d tbxw36s4 knj5qynh kvgmc6g5 ditlmg2l oygrvhab nvdbi5me sf5mxxl7 gl3lb2sf hhz5lgdu\"><img loading=\"lazy\" decoding=\"async\" src=\"https:\/\/static.xx.fbcdn.net\/images\/emoji.php\/v9\/t53\/1\/16\/1f605.png\" alt=\"&#x1f605;\" width=\"16\" height=\"16\"><\/span> Merci Lady pour ces belles ann\u00e9es de maternit\u00e9, j\u2019ai h\u00e2te de vivre avec toi les prochaines\u2026 je t\u2019aime et t\u2019aimerais plus que jamais <span class=\"pq6dq46d tbxw36s4 knj5qynh kvgmc6g5 ditlmg2l oygrvhab nvdbi5me sf5mxxl7 gl3lb2sf hhz5lgdu\"><img loading=\"lazy\" decoding=\"async\" src=\"https:\/\/static.xx.fbcdn.net\/images\/emoji.php\/v9\/t6c\/1\/16\/2764.png\" alt=\"&#x2764;&#xfe0f;\" width=\"16\" height=\"16\"><\/span><\/p>\n<p><\/p>\n\n\n<figure class=\"wp-block-image size-full\"><a href=\"https:\/\/i0.wp.com\/chatterie-du-serval.fr\/wp-content\/uploads\/2015\/07\/13769350_614476162047398_6454526751312651792_n.jpg\"><img data-recalc-dims=\"1\" loading=\"lazy\" decoding=\"async\" width=\"660\" height=\"953\" data-attachment-id=\"358\" data-permalink=\"http:\/\/chatterie-du-serval.fr\/?attachment_id=358\" data-orig-file=\"https:\/\/i0.wp.com\/chatterie-du-serval.fr\/wp-content\/uploads\/2015\/07\/13769350_614476162047398_6454526751312651792_n.jpg?fit=665%2C960\" data-orig-size=\"665,960\" data-comments-opened=\"0\" data-image-meta=\"{&quot;aperture&quot;:&quot;0&quot;,&quot;credit&quot;:&quot;&quot;,&quot;camera&quot;:&quot;&quot;,&quot;caption&quot;:&quot;&quot;,&quot;created_timestamp&quot;:&quot;0&quot;,&quot;copyright&quot;:&quot;&quot;,&quot;focal_length&quot;:&quot;0&quot;,&quot;iso&quot;:&quot;0&quot;,&quot;shutter_speed&quot;:&quot;0&quot;,&quot;title&quot;:&quot;&quot;,&quot;orientation&quot;:&quot;0&quot;}\" data-image-title=\"13769350_614476162047398_6454526751312651792_n\" data-image-description=\"\" data-image-caption=\"&lt;p&gt;LADY SANSA&lt;\/p&gt;\n\" data-large-file=\"https:\/\/i0.wp.com\/chatterie-du-serval.fr\/wp-content\/uploads\/2015\/07\/13769350_614476162047398_6454526751312651792_n.jpg?fit=660%2C953\" src=\"https:\/\/i0.wp.com\/chatterie-du-serval.fr\/wp-content\/uploads\/2015\/07\/13769350_614476162047398_6454526751312651792_n.jpg?resize=660%2C953\" alt=\"\" class=\"wp-image-358\" srcset=\"https:\/\/i0.wp.com\/chatterie-du-serval.fr\/wp-content\/uploads\/2015\/07\/13769350_614476162047398_6454526751312651792_n.jpg?w=665 665w, https:\/\/i0.wp.com\/chatterie-du-serval.fr\/wp-content\/uploads\/2015\/07\/13769350_614476162047398_6454526751312651792_n.jpg?resize=208%2C300 208w\" sizes=\"auto, (max-width: 660px) 100vw, 660px\" \/><\/a><\/figure>\n\n\n\n<p><strong>Quiara P du Serval, N\u00e9e le 24\/05\/19 des parents Jabba et N\u00e9gane PP, est la 1\u00e8re minette que nous gardons \u00e0 la Chatterie.<\/strong><\/p>\n\n\n\n<p>Ma fille tu ne devais pas \u00eatre mise \u00e0 la retraite si rapidement mais la nature en a voulu autrement. De groupe sanguin B et papa \u00e9tant A cela \u00e9tait trop compliqu\u00e9 \u00e0 la naissance de tes b\u00e9b\u00e9s. Tu \u00e9tais pourtant parfaite \u00e0  mes yeux, mon id\u00e9al.. mais l&rsquo;\u00e9levage \u00e0 ses c\u00f4t\u00e9s sombres&#8230;et il faut l&rsquo;accepter. Tu resteras donc \u00e0 la Chatterie pour notre plus grand plaisir, en tant que chat de compagnie. Jouant avec l&rsquo;eau du robinet, r\u00e9veillant ton petit ma\u00eetre le matin en montant dans son lit, \u00e0 nous suivre de partout et bien s\u00fbr la meilleure amie du chien. <\/p>\n\n\n\n<p><img loading=\"lazy\" decoding=\"async\" src=\"https:\/\/static.xx.fbcdn.net\/images\/emoji.php\/v9\/t6c\/1\/16\/2764.png\" alt=\"&#x2764;&#xfe0f;\" width=\"16\" height=\"16\"><\/p>\n\n\n\n<figure class=\"wp-block-image size-large\"><a href=\"https:\/\/i0.wp.com\/chatterie-du-serval.fr\/wp-content\/uploads\/2021\/02\/141489579_1852139411614394_2988262056669989422_o.jpg\"><img data-recalc-dims=\"1\" loading=\"lazy\" decoding=\"async\" width=\"660\" height=\"816\" data-attachment-id=\"1035\" data-permalink=\"http:\/\/chatterie-du-serval.fr\/?attachment_id=1035\" data-orig-file=\"https:\/\/i0.wp.com\/chatterie-du-serval.fr\/wp-content\/uploads\/2021\/02\/141489579_1852139411614394_2988262056669989422_o.jpg?fit=1294%2C1600\" data-orig-size=\"1294,1600\" data-comments-opened=\"0\" data-image-meta=\"{&quot;aperture&quot;:&quot;0&quot;,&quot;credit&quot;:&quot;&quot;,&quot;camera&quot;:&quot;&quot;,&quot;caption&quot;:&quot;&quot;,&quot;created_timestamp&quot;:&quot;0&quot;,&quot;copyright&quot;:&quot;&quot;,&quot;focal_length&quot;:&quot;0&quot;,&quot;iso&quot;:&quot;0&quot;,&quot;shutter_speed&quot;:&quot;0&quot;,&quot;title&quot;:&quot;&quot;,&quot;orientation&quot;:&quot;0&quot;}\" data-image-title=\"141489579_1852139411614394_2988262056669989422_o\" data-image-description=\"&lt;p&gt;http:\/\/chatterie-du-serval.fr\/?page_id=879&lt;\/p&gt;\n\" data-image-caption=\"&lt;p&gt;QUIARA P&lt;\/p&gt;\n\" data-large-file=\"https:\/\/i0.wp.com\/chatterie-du-serval.fr\/wp-content\/uploads\/2021\/02\/141489579_1852139411614394_2988262056669989422_o.jpg?fit=660%2C816\" src=\"https:\/\/i0.wp.com\/chatterie-du-serval.fr\/wp-content\/uploads\/2021\/02\/141489579_1852139411614394_2988262056669989422_o.jpg?resize=660%2C816\" alt=\"http:\/\/chatterie-du-serval.fr\/?page_id=879\" class=\"wp-image-1035\" srcset=\"https:\/\/i0.wp.com\/chatterie-du-serval.fr\/wp-content\/uploads\/2021\/02\/141489579_1852139411614394_2988262056669989422_o.jpg?resize=828%2C1024 828w, https:\/\/i0.wp.com\/chatterie-du-serval.fr\/wp-content\/uploads\/2021\/02\/141489579_1852139411614394_2988262056669989422_o.jpg?resize=243%2C300 243w, https:\/\/i0.wp.com\/chatterie-du-serval.fr\/wp-content\/uploads\/2021\/02\/141489579_1852139411614394_2988262056669989422_o.jpg?resize=768%2C950 768w, https:\/\/i0.wp.com\/chatterie-du-serval.fr\/wp-content\/uploads\/2021\/02\/141489579_1852139411614394_2988262056669989422_o.jpg?resize=1242%2C1536 1242w, https:\/\/i0.wp.com\/chatterie-du-serval.fr\/wp-content\/uploads\/2021\/02\/141489579_1852139411614394_2988262056669989422_o.jpg?resize=972%2C1202 972w, https:\/\/i0.wp.com\/chatterie-du-serval.fr\/wp-content\/uploads\/2021\/02\/141489579_1852139411614394_2988262056669989422_o.jpg?w=1294 1294w\" sizes=\"auto, (max-width: 660px) 100vw, 660px\" \/><\/a><\/figure>\n\n\n\n<p> <\/p>\n\n\n\n<p><strong>Jabba du Tr\u00e9sor de Coon, N\u00e9 le 12 juin 2014 \u2013 Roucouleur professionnel.<\/strong><\/p>\n\n\n\n<p>Jabba est un chat tr\u00e8s grand qui porte fi\u00e8rement son museau carr\u00e9 et ses longs plumets au bout des oreilles. Il apporte force et tranquillit\u00e9 \u00e0 la race.&nbsp;Tr\u00e8s docile, il&nbsp;sait se montrer tr\u00e8s doux et attentionn\u00e9 avec ses filles. Il pr\u00e9f\u00e8re le canap\u00e9 aux courses poursuites des chatons qu\u2019il veille avec bienveillance. Il adore les c\u00e2lins devant la TV et son allure en impressionne plus d\u2019un. Merci mon Chouchou pour toutes ses belles ann\u00e9es d&rsquo;\u00e9talon, tu as bien m\u00e9rit\u00e9 ton repos \u00e0 la maison. Je t&rsquo;aime plus que tout <img loading=\"lazy\" decoding=\"async\" width=\"16\" height=\"16\" src=\"https:\/\/static.xx.fbcdn.net\/images\/emoji.php\/v9\/t6c\/1\/16\/2764.png\" alt=\"&#x2764;&#xfe0f;\"> <\/p>\n\n\n\n<figure class=\"wp-block-image size-full\"><a href=\"https:\/\/i0.wp.com\/chatterie-du-serval.fr\/wp-content\/uploads\/2022\/05\/48406065_1115347708626905_5550906417289887744_n.webp\"><img data-recalc-dims=\"1\" loading=\"lazy\" decoding=\"async\" width=\"660\" height=\"885\" data-attachment-id=\"1196\" data-permalink=\"http:\/\/chatterie-du-serval.fr\/?attachment_id=1196\" data-orig-file=\"https:\/\/i0.wp.com\/chatterie-du-serval.fr\/wp-content\/uploads\/2022\/05\/48406065_1115347708626905_5550906417289887744_n.webp?fit=716%2C960\" data-orig-size=\"716,960\" data-comments-opened=\"0\" data-image-meta=\"{&quot;aperture&quot;:&quot;0&quot;,&quot;credit&quot;:&quot;&quot;,&quot;camera&quot;:&quot;&quot;,&quot;caption&quot;:&quot;&quot;,&quot;created_timestamp&quot;:&quot;0&quot;,&quot;copyright&quot;:&quot;&quot;,&quot;focal_length&quot;:&quot;0&quot;,&quot;iso&quot;:&quot;0&quot;,&quot;shutter_speed&quot;:&quot;0&quot;,&quot;title&quot;:&quot;&quot;,&quot;orientation&quot;:&quot;0&quot;}\" data-image-title=\"48406065_1115347708626905_5550906417289887744_n\" data-image-description=\"\" data-image-caption=\"\" data-large-file=\"https:\/\/i0.wp.com\/chatterie-du-serval.fr\/wp-content\/uploads\/2022\/05\/48406065_1115347708626905_5550906417289887744_n.webp?fit=660%2C885\" src=\"https:\/\/i0.wp.com\/chatterie-du-serval.fr\/wp-content\/uploads\/2022\/05\/48406065_1115347708626905_5550906417289887744_n.webp?resize=660%2C885\" alt=\"\" class=\"wp-image-1196\" srcset=\"https:\/\/i0.wp.com\/chatterie-du-serval.fr\/wp-content\/uploads\/2022\/05\/48406065_1115347708626905_5550906417289887744_n.webp?w=716 716w, https:\/\/i0.wp.com\/chatterie-du-serval.fr\/wp-content\/uploads\/2022\/05\/48406065_1115347708626905_5550906417289887744_n.webp?resize=224%2C300 224w\" sizes=\"auto, (max-width: 660px) 100vw, 660px\" \/><\/a><\/figure>\n\n\n\n<p> <\/p>\n\n\n\n<p><strong>Zia de Moon Light n\u00e9e le 7 mars 2016 Polydactyle PP<\/strong>,<strong> ma 1\u00e8re polydactyle. <\/strong><\/p>\n\n\n\n<p>Ma merveilleuse Moon Light <img loading=\"lazy\" decoding=\"async\" height=\"16\" width=\"16\" src=\"https:\/\/static.xx.fbcdn.net\/images\/emoji.php\/v9\/t6c\/1\/16\/2764.png\" alt=\"&#x2764;&#xfe0f;\"> et voil\u00e0 le grand jour est arriv\u00e9&#8230;celui de ta st\u00e9rilisation. Nous l&rsquo;avons faite avec tes chatons pour qu&rsquo;elle soit plus douce et te voil\u00e0 partie pour une belle vie de canap\u00e9.<\/p>\n\n\n\n<p>Tu as \u00e9t\u00e9 ma 1ere polydactyle, mon coup de c\u0153ur au pelage bleu, ma douceur infinie, mon fils est tomb\u00e9 sous ton charme et depuis tu lui donnerai le monde&#8230;et lui aussi.<\/p>\n\n\n\n<p>Il suffit de t&rsquo;ouvrir nos bras pour que tu t&rsquo;y refugies&#8230; Tout en toi est douceur et gentillesse. Merci ma Moon ch\u00e9rie pour ton amour des b\u00e9b\u00e9s, te voil\u00e0 aujourd&rsquo;hui retrait\u00e9e. Tu resteras pour toujours avec nous, je t&rsquo;aime du plus profond de mon c\u0153ur et suis tr\u00e8s fi\u00e8re de t&rsquo;avoir dans nos vies&#8230;<img loading=\"lazy\" decoding=\"async\" height=\"16\" width=\"16\" src=\"https:\/\/static.xx.fbcdn.net\/images\/emoji.php\/v9\/t6c\/1\/16\/2764.png\" alt=\"&#x2764;&#xfe0f;\"><\/p>\n\n\n\n<figure class=\"wp-block-image size-full is-resized\"><a href=\"https:\/\/i0.wp.com\/chatterie-du-serval.fr\/wp-content\/uploads\/2023\/12\/402638157_861485952644300_1647315016058775934_n.jpg\"><img data-recalc-dims=\"1\" loading=\"lazy\" decoding=\"async\" data-attachment-id=\"1572\" data-permalink=\"http:\/\/chatterie-du-serval.fr\/?attachment_id=1572\" data-orig-file=\"https:\/\/i0.wp.com\/chatterie-du-serval.fr\/wp-content\/uploads\/2023\/12\/402638157_861485952644300_1647315016058775934_n.jpg?fit=960%2C959\" data-orig-size=\"960,959\" data-comments-opened=\"0\" data-image-meta=\"{&quot;aperture&quot;:&quot;0&quot;,&quot;credit&quot;:&quot;&quot;,&quot;camera&quot;:&quot;&quot;,&quot;caption&quot;:&quot;&quot;,&quot;created_timestamp&quot;:&quot;0&quot;,&quot;copyright&quot;:&quot;&quot;,&quot;focal_length&quot;:&quot;0&quot;,&quot;iso&quot;:&quot;0&quot;,&quot;shutter_speed&quot;:&quot;0&quot;,&quot;title&quot;:&quot;&quot;,&quot;orientation&quot;:&quot;0&quot;}\" data-image-title=\"402638157_861485952644300_1647315016058775934_n\" data-image-description=\"\" data-image-caption=\"\" data-large-file=\"https:\/\/i0.wp.com\/chatterie-du-serval.fr\/wp-content\/uploads\/2023\/12\/402638157_861485952644300_1647315016058775934_n.jpg?fit=660%2C659\" src=\"https:\/\/i0.wp.com\/chatterie-du-serval.fr\/wp-content\/uploads\/2023\/12\/402638157_861485952644300_1647315016058775934_n.jpg?resize=660%2C659\" alt=\"\" class=\"wp-image-1572\" width=\"660\" height=\"659\" srcset=\"https:\/\/i0.wp.com\/chatterie-du-serval.fr\/wp-content\/uploads\/2023\/12\/402638157_861485952644300_1647315016058775934_n.jpg?w=960 960w, https:\/\/i0.wp.com\/chatterie-du-serval.fr\/wp-content\/uploads\/2023\/12\/402638157_861485952644300_1647315016058775934_n.jpg?resize=300%2C300 300w, https:\/\/i0.wp.com\/chatterie-du-serval.fr\/wp-content\/uploads\/2023\/12\/402638157_861485952644300_1647315016058775934_n.jpg?resize=150%2C150 150w, https:\/\/i0.wp.com\/chatterie-du-serval.fr\/wp-content\/uploads\/2023\/12\/402638157_861485952644300_1647315016058775934_n.jpg?resize=768%2C767 768w\" sizes=\"auto, (max-width: 660px) 100vw, 660px\" \/><\/a><\/figure>\n","protected":false},"excerpt":{"rendered":"<p>Nos retrait\u00e9s restent \u00e0 la Chatterie. Ils ne sont pas \u00e0 vendre. Iris de Loam n\u00e9e le 15 mai 2013 &#8211; Ma\u00eetresse de la maison. Chef de tous les chats- et peut \u00eatre m\u00eame de ses Ma\u00eetres. Tout a commenc\u00e9 gr\u00e2ce \u00e0 toi&#8230;ma passion du Maine Coon, celle qui a fait&nbsp; que d&rsquo;un Coon je &hellip; <a href=\"http:\/\/chatterie-du-serval.fr\/?page_id=849\" class=\"more-link\">Continuer la lecture de <span class=\"screen-reader-text\">Nos retrait\u00e9s<\/span><\/a><\/p>\n","protected":false},"author":1,"featured_media":0,"parent":0,"menu_order":0,"comment_status":"closed","ping_status":"closed","template":"","meta":{"jetpack_post_was_ever_published":false,"footnotes":""},"class_list":["post-849","page","type-page","status-publish","hentry"],"jetpack_sharing_enabled":true,"jetpack_shortlink":"https:\/\/wp.me\/P62eiX-dH","jetpack-related-posts":[],"_links":{"self":[{"href":"http:\/\/chatterie-du-serval.fr\/index.php?rest_route=\/wp\/v2\/pages\/849","targetHints":{"allow":["GET"]}}],"collection":[{"href":"http:\/\/chatterie-du-serval.fr\/index.php?rest_route=\/wp\/v2\/pages"}],"about":[{"href":"http:\/\/chatterie-du-serval.fr\/index.php?rest_route=\/wp\/v2\/types\/page"}],"author":[{"embeddable":true,"href":"http:\/\/chatterie-du-serval.fr\/index.php?rest_route=\/wp\/v2\/users\/1"}],"replies":[{"embeddable":true,"href":"http:\/\/chatterie-du-serval.fr\/index.php?rest_route=%2Fwp%2Fv2%2Fcomments&post=849"}],"version-history":[{"count":16,"href":"http:\/\/chatterie-du-serval.fr\/index.php?rest_route=\/wp\/v2\/pages\/849\/revisions"}],"predecessor-version":[{"id":1577,"href":"http:\/\/chatterie-du-serval.fr\/index.php?rest_route=\/wp\/v2\/pages\/849\/revisions\/1577"}],"wp:attachment":[{"href":"http:\/\/chatterie-du-serval.fr\/index.php?rest_route=%2Fwp%2Fv2%2Fmedia&parent=849"}],"curies":[{"name":"wp","href":"https:\/\/api.w.org\/{rel}","templated":true}]}}