{"id":954,"date":"2020-04-09T12:58:29","date_gmt":"2020-04-09T12:58:29","guid":{"rendered":"http:\/\/chatterie-du-serval.fr\/?page_id=954"},"modified":"2025-07-21T07:58:15","modified_gmt":"2025-07-21T07:58:15","slug":"ragnar","status":"publish","type":"page","link":"http:\/\/chatterie-du-serval.fr\/?page_id=954","title":{"rendered":"Ragnar PP Witchcoon"},"content":{"rendered":"<div class=\"wp-block-image\">\n<figure class=\"aligncenter size-large\"><a href=\"https:\/\/i0.wp.com\/chatterie-du-serval.fr\/wp-content\/uploads\/2022\/12\/273367075_2139859852842347_103599171453057959_n.jpg\"><img data-recalc-dims=\"1\" loading=\"lazy\" decoding=\"async\" width=\"660\" height=\"880\" data-attachment-id=\"1466\" data-permalink=\"http:\/\/chatterie-du-serval.fr\/?attachment_id=1466\" data-orig-file=\"https:\/\/i0.wp.com\/chatterie-du-serval.fr\/wp-content\/uploads\/2022\/12\/273367075_2139859852842347_103599171453057959_n.jpg?fit=1536%2C2048\" data-orig-size=\"1536,2048\" data-comments-opened=\"0\" data-image-meta=\"{&quot;aperture&quot;:&quot;0&quot;,&quot;credit&quot;:&quot;&quot;,&quot;camera&quot;:&quot;&quot;,&quot;caption&quot;:&quot;&quot;,&quot;created_timestamp&quot;:&quot;0&quot;,&quot;copyright&quot;:&quot;&quot;,&quot;focal_length&quot;:&quot;0&quot;,&quot;iso&quot;:&quot;0&quot;,&quot;shutter_speed&quot;:&quot;0&quot;,&quot;title&quot;:&quot;&quot;,&quot;orientation&quot;:&quot;0&quot;}\" data-image-title=\"273367075_2139859852842347_103599171453057959_n\" data-image-description=\"\" data-image-caption=\"\" data-large-file=\"https:\/\/i0.wp.com\/chatterie-du-serval.fr\/wp-content\/uploads\/2022\/12\/273367075_2139859852842347_103599171453057959_n.jpg?fit=660%2C880\" src=\"https:\/\/i0.wp.com\/chatterie-du-serval.fr\/wp-content\/uploads\/2022\/12\/273367075_2139859852842347_103599171453057959_n.jpg?resize=660%2C880\" alt=\"\" class=\"wp-image-1466\" srcset=\"https:\/\/i0.wp.com\/chatterie-du-serval.fr\/wp-content\/uploads\/2022\/12\/273367075_2139859852842347_103599171453057959_n.jpg?resize=768%2C1024 768w, https:\/\/i0.wp.com\/chatterie-du-serval.fr\/wp-content\/uploads\/2022\/12\/273367075_2139859852842347_103599171453057959_n.jpg?resize=225%2C300 225w, https:\/\/i0.wp.com\/chatterie-du-serval.fr\/wp-content\/uploads\/2022\/12\/273367075_2139859852842347_103599171453057959_n.jpg?resize=1152%2C1536 1152w, https:\/\/i0.wp.com\/chatterie-du-serval.fr\/wp-content\/uploads\/2022\/12\/273367075_2139859852842347_103599171453057959_n.jpg?w=1536 1536w, https:\/\/i0.wp.com\/chatterie-du-serval.fr\/wp-content\/uploads\/2022\/12\/273367075_2139859852842347_103599171453057959_n.jpg?w=1320 1320w\" sizes=\"auto, (max-width: 660px) 100vw, 660px\" \/><\/a><\/figure>\n<\/div>\n\n\n<p><strong>Ragnar PP Witchcoon, n\u00e9 le 4 f\u00e9vrier 2020 \u2013 Notre Prince Vicking <\/strong> <strong>Polydactyle des 4 pattes : un gros nounours au c\u0153ur tendre.<\/strong><\/p>\n\n\n\n<figure class=\"wp-block-table\"><table><tbody><tr><td><strong>Couleur :<\/strong>&nbsp;Black Silver blotched tabby<\/td><td><strong>Sain par ADN&nbsp;:<\/strong>&nbsp;HCM SMA PKDEF PKD&nbsp;<\/td><\/tr><tr><td><strong>Echographie doppler<\/strong> : ok<\/td><td><strong>C\u0153ur et rein<\/strong> : normaux<\/td><\/tr><\/tbody><\/table><\/figure>\n\n\n\n<p>Je l&rsquo;ai attendu plus d&rsquo;un an&#8230;un r\u00eave devenu r\u00e9alit\u00e9. Un chat aux caract\u00e9ristiques exceptionnelles qui nous comble de ses ronrons depuis son arriv\u00e9. Le chouchou de mon mari qui aime lui apprendre des tours avec des petites friandises.<\/p>\n\n\n\n<p><a href=\"https:\/\/www.pawpeds.com\/db\/?a=p&amp;id=1519547&amp;g=4&amp;p=mco&amp;o=elastic\">Pedigree de Ragnar<\/a><\/p>\n\n\n\n<figure class=\"wp-block-image size-full\"><a href=\"https:\/\/i0.wp.com\/chatterie-du-serval.fr\/wp-content\/uploads\/2022\/08\/thumbnail-5.jpg\"><img data-recalc-dims=\"1\" loading=\"lazy\" decoding=\"async\" width=\"660\" height=\"660\" data-attachment-id=\"1286\" data-permalink=\"http:\/\/chatterie-du-serval.fr\/?attachment_id=1286\" data-orig-file=\"https:\/\/i0.wp.com\/chatterie-du-serval.fr\/wp-content\/uploads\/2022\/08\/thumbnail-5.jpg?fit=916%2C916\" data-orig-size=\"916,916\" data-comments-opened=\"0\" data-image-meta=\"{&quot;aperture&quot;:&quot;0&quot;,&quot;credit&quot;:&quot;&quot;,&quot;camera&quot;:&quot;&quot;,&quot;caption&quot;:&quot;&quot;,&quot;created_timestamp&quot;:&quot;0&quot;,&quot;copyright&quot;:&quot;&quot;,&quot;focal_length&quot;:&quot;0&quot;,&quot;iso&quot;:&quot;0&quot;,&quot;shutter_speed&quot;:&quot;0&quot;,&quot;title&quot;:&quot;&quot;,&quot;orientation&quot;:&quot;1&quot;}\" data-image-title=\"thumbnail-5\" data-image-description=\"\" data-image-caption=\"&lt;p&gt;Ragnar PP&lt;\/p&gt;\n\" data-large-file=\"https:\/\/i0.wp.com\/chatterie-du-serval.fr\/wp-content\/uploads\/2022\/08\/thumbnail-5.jpg?fit=660%2C660\" src=\"https:\/\/i0.wp.com\/chatterie-du-serval.fr\/wp-content\/uploads\/2022\/08\/thumbnail-5.jpg?resize=660%2C660\" alt=\"\" class=\"wp-image-1286\" srcset=\"https:\/\/i0.wp.com\/chatterie-du-serval.fr\/wp-content\/uploads\/2022\/08\/thumbnail-5.jpg?w=916 916w, https:\/\/i0.wp.com\/chatterie-du-serval.fr\/wp-content\/uploads\/2022\/08\/thumbnail-5.jpg?resize=300%2C300 300w, https:\/\/i0.wp.com\/chatterie-du-serval.fr\/wp-content\/uploads\/2022\/08\/thumbnail-5.jpg?resize=150%2C150 150w, https:\/\/i0.wp.com\/chatterie-du-serval.fr\/wp-content\/uploads\/2022\/08\/thumbnail-5.jpg?resize=768%2C768 768w\" sizes=\"auto, (max-width: 660px) 100vw, 660px\" \/><\/a><\/figure>\n\n\n\n<figure class=\"wp-block-image size-large\"><a href=\"https:\/\/i0.wp.com\/chatterie-du-serval.fr\/wp-content\/uploads\/2022\/12\/thumbnail-3.jpg\"><img data-recalc-dims=\"1\" loading=\"lazy\" decoding=\"async\" width=\"660\" height=\"880\" data-attachment-id=\"1479\" data-permalink=\"http:\/\/chatterie-du-serval.fr\/?attachment_id=1479\" data-orig-file=\"https:\/\/i0.wp.com\/chatterie-du-serval.fr\/wp-content\/uploads\/2022\/12\/thumbnail-3.jpg?fit=1080%2C1440\" data-orig-size=\"1080,1440\" data-comments-opened=\"0\" data-image-meta=\"{&quot;aperture&quot;:&quot;0&quot;,&quot;credit&quot;:&quot;&quot;,&quot;camera&quot;:&quot;&quot;,&quot;caption&quot;:&quot;&quot;,&quot;created_timestamp&quot;:&quot;0&quot;,&quot;copyright&quot;:&quot;&quot;,&quot;focal_length&quot;:&quot;0&quot;,&quot;iso&quot;:&quot;0&quot;,&quot;shutter_speed&quot;:&quot;0&quot;,&quot;title&quot;:&quot;&quot;,&quot;orientation&quot;:&quot;0&quot;}\" data-image-title=\"thumbnail-3\" data-image-description=\"\" data-image-caption=\"\" data-large-file=\"https:\/\/i0.wp.com\/chatterie-du-serval.fr\/wp-content\/uploads\/2022\/12\/thumbnail-3.jpg?fit=660%2C880\" src=\"https:\/\/i0.wp.com\/chatterie-du-serval.fr\/wp-content\/uploads\/2022\/12\/thumbnail-3.jpg?resize=660%2C880\" alt=\"\" class=\"wp-image-1479\" srcset=\"https:\/\/i0.wp.com\/chatterie-du-serval.fr\/wp-content\/uploads\/2022\/12\/thumbnail-3.jpg?resize=768%2C1024 768w, https:\/\/i0.wp.com\/chatterie-du-serval.fr\/wp-content\/uploads\/2022\/12\/thumbnail-3.jpg?resize=225%2C300 225w, https:\/\/i0.wp.com\/chatterie-du-serval.fr\/wp-content\/uploads\/2022\/12\/thumbnail-3.jpg?w=1080 1080w\" sizes=\"auto, (max-width: 660px) 100vw, 660px\" \/><\/a><\/figure>\n\n\n<div class=\"wp-block-image\">\n<figure class=\"aligncenter\"><img decoding=\"async\" src=\"https:\/\/i0.wp.com\/chatterie-du-serval.fr\/wp-content\/uploads\/2020\/05\/95967235_667828773778896_6448739459021144064_n-1.jpg?fit=616%2C848\" alt=\"L\u2019attribut alt de cette image est vide, son nom de fichier est 95967235_667828773778896_6448739459021144064_n-1.jpg.\"\/><\/figure>\n<\/div>\n\n<div class=\"wp-block-image\">\n<figure class=\"aligncenter size-large\"><img data-recalc-dims=\"1\" loading=\"lazy\" decoding=\"async\" width=\"660\" height=\"872\" data-attachment-id=\"956\" data-permalink=\"http:\/\/chatterie-du-serval.fr\/?attachment_id=956\" data-orig-file=\"https:\/\/i0.wp.com\/chatterie-du-serval.fr\/wp-content\/uploads\/2020\/04\/92664881_534737187227392_677584855344611328_n.jpg?fit=727%2C960\" data-orig-size=\"727,960\" data-comments-opened=\"0\" data-image-meta=\"{&quot;aperture&quot;:&quot;0&quot;,&quot;credit&quot;:&quot;Picasa&quot;,&quot;camera&quot;:&quot;&quot;,&quot;caption&quot;:&quot;&quot;,&quot;created_timestamp&quot;:&quot;0&quot;,&quot;copyright&quot;:&quot;&quot;,&quot;focal_length&quot;:&quot;0&quot;,&quot;iso&quot;:&quot;0&quot;,&quot;shutter_speed&quot;:&quot;0&quot;,&quot;title&quot;:&quot;&quot;,&quot;orientation&quot;:&quot;0&quot;}\" data-image-title=\"92664881_534737187227392_677584855344611328_n\" data-image-description=\"\" data-image-caption=\"\" data-large-file=\"https:\/\/i0.wp.com\/chatterie-du-serval.fr\/wp-content\/uploads\/2020\/04\/92664881_534737187227392_677584855344611328_n.jpg?fit=660%2C872\" src=\"https:\/\/i0.wp.com\/chatterie-du-serval.fr\/wp-content\/uploads\/2020\/04\/92664881_534737187227392_677584855344611328_n.jpg?resize=660%2C872\" alt=\"\" class=\"wp-image-956\" srcset=\"https:\/\/i0.wp.com\/chatterie-du-serval.fr\/wp-content\/uploads\/2020\/04\/92664881_534737187227392_677584855344611328_n.jpg?w=727 727w, https:\/\/i0.wp.com\/chatterie-du-serval.fr\/wp-content\/uploads\/2020\/04\/92664881_534737187227392_677584855344611328_n.jpg?resize=227%2C300 227w\" sizes=\"auto, (max-width: 660px) 100vw, 660px\" \/><\/figure>\n<\/div>\n\n<div class=\"wp-block-image\">\n<figure class=\"aligncenter\"><img decoding=\"async\" src=\"https:\/\/i2.wp.com\/chatterie-du-serval.fr\/wp-content\/uploads\/2020\/04\/92246550_223895745361390_894763295460818944_n.jpg?fit=616%2C464\" alt=\"L\u2019attribut alt de cette image est vide, son nom de fichier est 92246550_223895745361390_894763295460818944_n.jpg.\"\/><\/figure>\n<\/div>\n\n\n<figure class=\"wp-block-table\"><table><tbody><tr><td><strong>Le Papa de Ragnar PP : <\/strong> Timaracoon&rsquo;s Jatham\u00e9 d&rsquo;Hollande<\/td><td><strong>La Maman de Ragnar PP: <\/strong>Jemycoon de Chastre PP<\/td><\/tr><tr><td> <img data-recalc-dims=\"1\" loading=\"lazy\" decoding=\"async\" width=\"300\" height=\"225\" data-attachment-id=\"961\" data-permalink=\"http:\/\/chatterie-du-serval.fr\/?attachment_id=961\" data-orig-file=\"https:\/\/i0.wp.com\/chatterie-du-serval.fr\/wp-content\/uploads\/2020\/04\/93503570_1483521155160117_275496141716455424_o.jpg?fit=2000%2C1500\" data-orig-size=\"2000,1500\" data-comments-opened=\"0\" data-image-meta=\"{&quot;aperture&quot;:&quot;0&quot;,&quot;credit&quot;:&quot;Picasa&quot;,&quot;camera&quot;:&quot;&quot;,&quot;caption&quot;:&quot;&quot;,&quot;created_timestamp&quot;:&quot;0&quot;,&quot;copyright&quot;:&quot;&quot;,&quot;focal_length&quot;:&quot;0&quot;,&quot;iso&quot;:&quot;0&quot;,&quot;shutter_speed&quot;:&quot;0&quot;,&quot;title&quot;:&quot;&quot;,&quot;orientation&quot;:&quot;0&quot;}\" data-image-title=\"93503570_1483521155160117_275496141716455424_o\" data-image-description=\"\" data-image-caption=\"\" data-large-file=\"https:\/\/i0.wp.com\/chatterie-du-serval.fr\/wp-content\/uploads\/2020\/04\/93503570_1483521155160117_275496141716455424_o.jpg?fit=660%2C495\" class=\"wp-image-961\" style=\"width: 300px;\" src=\"https:\/\/i0.wp.com\/chatterie-du-serval.fr\/wp-content\/uploads\/2020\/04\/93503570_1483521155160117_275496141716455424_o.jpg?resize=300%2C225\" alt=\"\" srcset=\"https:\/\/i0.wp.com\/chatterie-du-serval.fr\/wp-content\/uploads\/2020\/04\/93503570_1483521155160117_275496141716455424_o.jpg?w=2000 2000w, https:\/\/i0.wp.com\/chatterie-du-serval.fr\/wp-content\/uploads\/2020\/04\/93503570_1483521155160117_275496141716455424_o.jpg?resize=300%2C225 300w, https:\/\/i0.wp.com\/chatterie-du-serval.fr\/wp-content\/uploads\/2020\/04\/93503570_1483521155160117_275496141716455424_o.jpg?resize=1024%2C768 1024w, https:\/\/i0.wp.com\/chatterie-du-serval.fr\/wp-content\/uploads\/2020\/04\/93503570_1483521155160117_275496141716455424_o.jpg?resize=768%2C576 768w, https:\/\/i0.wp.com\/chatterie-du-serval.fr\/wp-content\/uploads\/2020\/04\/93503570_1483521155160117_275496141716455424_o.jpg?resize=1536%2C1152 1536w, https:\/\/i0.wp.com\/chatterie-du-serval.fr\/wp-content\/uploads\/2020\/04\/93503570_1483521155160117_275496141716455424_o.jpg?resize=972%2C729 972w, https:\/\/i0.wp.com\/chatterie-du-serval.fr\/wp-content\/uploads\/2020\/04\/93503570_1483521155160117_275496141716455424_o.jpg?w=1320 1320w\" sizes=\"auto, (max-width: 300px) 100vw, 300px\" \/><a href=\"https:\/\/i1.wp.com\/chatterie-du-serval.fr\/wp-content\/uploads\/2015\/07\/1.jpg\"><\/a><\/td><td><img data-recalc-dims=\"1\" loading=\"lazy\" decoding=\"async\" width=\"200\" height=\"264\" data-attachment-id=\"959\" data-permalink=\"http:\/\/chatterie-du-serval.fr\/?attachment_id=959\" data-orig-file=\"https:\/\/i0.wp.com\/chatterie-du-serval.fr\/wp-content\/uploads\/2020\/04\/60543164_2000326483401433_8322051473089232896_n.jpg?fit=1565%2C2065\" data-orig-size=\"1565,2065\" data-comments-opened=\"0\" data-image-meta=\"{&quot;aperture&quot;:&quot;0&quot;,&quot;credit&quot;:&quot;Picasa&quot;,&quot;camera&quot;:&quot;&quot;,&quot;caption&quot;:&quot;&quot;,&quot;created_timestamp&quot;:&quot;0&quot;,&quot;copyright&quot;:&quot;&quot;,&quot;focal_length&quot;:&quot;0&quot;,&quot;iso&quot;:&quot;0&quot;,&quot;shutter_speed&quot;:&quot;0&quot;,&quot;title&quot;:&quot;&quot;,&quot;orientation&quot;:&quot;0&quot;}\" data-image-title=\"60543164_2000326483401433_8322051473089232896_n\" data-image-description=\"\" data-image-caption=\"\" data-large-file=\"https:\/\/i0.wp.com\/chatterie-du-serval.fr\/wp-content\/uploads\/2020\/04\/60543164_2000326483401433_8322051473089232896_n.jpg?fit=660%2C871\" class=\"wp-image-959\" style=\"width: 200px;\" src=\"https:\/\/i0.wp.com\/chatterie-du-serval.fr\/wp-content\/uploads\/2020\/04\/60543164_2000326483401433_8322051473089232896_n.jpg?resize=200%2C264\" alt=\"\" srcset=\"https:\/\/i0.wp.com\/chatterie-du-serval.fr\/wp-content\/uploads\/2020\/04\/60543164_2000326483401433_8322051473089232896_n.jpg?w=1565 1565w, https:\/\/i0.wp.com\/chatterie-du-serval.fr\/wp-content\/uploads\/2020\/04\/60543164_2000326483401433_8322051473089232896_n.jpg?resize=227%2C300 227w, https:\/\/i0.wp.com\/chatterie-du-serval.fr\/wp-content\/uploads\/2020\/04\/60543164_2000326483401433_8322051473089232896_n.jpg?resize=776%2C1024 776w, https:\/\/i0.wp.com\/chatterie-du-serval.fr\/wp-content\/uploads\/2020\/04\/60543164_2000326483401433_8322051473089232896_n.jpg?resize=768%2C1013 768w, https:\/\/i0.wp.com\/chatterie-du-serval.fr\/wp-content\/uploads\/2020\/04\/60543164_2000326483401433_8322051473089232896_n.jpg?resize=1164%2C1536 1164w, https:\/\/i0.wp.com\/chatterie-du-serval.fr\/wp-content\/uploads\/2020\/04\/60543164_2000326483401433_8322051473089232896_n.jpg?resize=1552%2C2048 1552w, https:\/\/i0.wp.com\/chatterie-du-serval.fr\/wp-content\/uploads\/2020\/04\/60543164_2000326483401433_8322051473089232896_n.jpg?resize=972%2C1283 972w, https:\/\/i0.wp.com\/chatterie-du-serval.fr\/wp-content\/uploads\/2020\/04\/60543164_2000326483401433_8322051473089232896_n.jpg?w=1320 1320w\" sizes=\"auto, (max-width: 200px) 100vw, 200px\" \/><a href=\"https:\/\/i1.wp.com\/chatterie-du-serval.fr\/wp-content\/uploads\/2015\/07\/2.jpg\"><\/a><\/td><\/tr><\/tbody><\/table><\/figure>\n","protected":false},"excerpt":{"rendered":"<p>Ragnar PP Witchcoon, n\u00e9 le 4 f\u00e9vrier 2020 \u2013 Notre Prince Vicking Polydactyle des 4 pattes : un gros nounours au c\u0153ur tendre. Couleur :&nbsp;Black Silver blotched tabby Sain par ADN&nbsp;:&nbsp;HCM SMA PKDEF PKD&nbsp; Echographie doppler : ok C\u0153ur et rein : normaux Je l&rsquo;ai attendu plus d&rsquo;un an&#8230;un r\u00eave devenu r\u00e9alit\u00e9. Un chat aux &hellip; <a href=\"http:\/\/chatterie-du-serval.fr\/?page_id=954\" class=\"more-link\">Continuer la lecture de <span class=\"screen-reader-text\">Ragnar PP Witchcoon<\/span><\/a><\/p>\n","protected":false},"author":1,"featured_media":0,"parent":0,"menu_order":0,"comment_status":"closed","ping_status":"closed","template":"","meta":{"jetpack_post_was_ever_published":false,"footnotes":""},"class_list":["post-954","page","type-page","status-publish","hentry"],"jetpack_sharing_enabled":true,"jetpack_shortlink":"https:\/\/wp.me\/P62eiX-fo","jetpack-related-posts":[],"_links":{"self":[{"href":"http:\/\/chatterie-du-serval.fr\/index.php?rest_route=\/wp\/v2\/pages\/954","targetHints":{"allow":["GET"]}}],"collection":[{"href":"http:\/\/chatterie-du-serval.fr\/index.php?rest_route=\/wp\/v2\/pages"}],"about":[{"href":"http:\/\/chatterie-du-serval.fr\/index.php?rest_route=\/wp\/v2\/types\/page"}],"author":[{"embeddable":true,"href":"http:\/\/chatterie-du-serval.fr\/index.php?rest_route=\/wp\/v2\/users\/1"}],"replies":[{"embeddable":true,"href":"http:\/\/chatterie-du-serval.fr\/index.php?rest_route=%2Fwp%2Fv2%2Fcomments&post=954"}],"version-history":[{"count":26,"href":"http:\/\/chatterie-du-serval.fr\/index.php?rest_route=\/wp\/v2\/pages\/954\/revisions"}],"predecessor-version":[{"id":1793,"href":"http:\/\/chatterie-du-serval.fr\/index.php?rest_route=\/wp\/v2\/pages\/954\/revisions\/1793"}],"wp:attachment":[{"href":"http:\/\/chatterie-du-serval.fr\/index.php?rest_route=%2Fwp%2Fv2%2Fmedia&parent=954"}],"curies":[{"name":"wp","href":"https:\/\/api.w.org\/{rel}","templated":true}]}}