{"id":1207,"date":"2022-08-01T10:31:59","date_gmt":"2022-08-01T10:31:59","guid":{"rendered":"http:\/\/chatterie-du-serval.fr\/?page_id=1207"},"modified":"2026-02-14T12:41:27","modified_gmt":"2026-02-14T12:41:27","slug":"home","status":"publish","type":"page","link":"https:\/\/chatterie-du-serval.fr\/","title":{"rendered":"Accueil"},"content":{"rendered":"\n<p class=\"has-text-align-center\"><strong>Chatterie professionnelle fran\u00e7aise avec SIRET <\/strong><\/p>\n\n\n\n<p class=\"has-text-align-center\"><strong>Possession du Certificat de Capacit\u00e9 F\u00e9line <\/strong><\/p>\n\n\n\n<p class=\"has-text-align-center\"><strong>(ACACED _CCAD-CETAC)<\/strong><\/p>\n\n\n\n<p class=\"has-text-align-center\"><strong>du certificat de secourisme animalier<\/strong><\/p>\n\n\n\n<p class=\"has-text-align-center\"><strong>et du dipl\u00f4me de comportementaliste f\u00e9lin.<\/strong><\/p>\n\n\n\n<p>Nos reproducteurs sont test\u00e9s pour les maladies du maine coon&nbsp; ( HCM, SMA, PKdef par ADN et recherche all\u00e8le B ) ainsi que \u00e9chographie du c\u0153ur et des reins. Ils sont inscrit au LOOF et sur Pawpeds. <\/p>\n\n\n\n<p>Nos chatons sont inscrit au LOOF, ont tous leurs PEDIGREE et partent de l&rsquo; \u00e9levage \u00e0 3 mois , sociabilis\u00e9s en famille avec chien et enfants, vaccin\u00e9s typhus coryza leucose, vermifug\u00e9s, identifi\u00e9s par puce \u00e9lectronique et st\u00e9rilis\u00e9s si d\u00e9part pour compagnie.&nbsp;<\/p>\n\n\n<div class=\"wp-block-image\">\n<figure class=\"aligncenter size-full is-resized\"><a href=\"https:\/\/i0.wp.com\/chatterie-du-serval.fr\/wp-content\/uploads\/2024\/03\/431116780_933315448794683_5326180210365707791_n.jpg\"><img data-recalc-dims=\"1\" loading=\"lazy\" decoding=\"async\" width=\"660\" height=\"826\" data-attachment-id=\"1620\" data-permalink=\"https:\/\/chatterie-du-serval.fr\/?attachment_id=1620\" data-orig-file=\"https:\/\/i0.wp.com\/chatterie-du-serval.fr\/wp-content\/uploads\/2024\/03\/431116780_933315448794683_5326180210365707791_n.jpg?fit=767%2C960&amp;ssl=1\" data-orig-size=\"767,960\" data-comments-opened=\"0\" data-image-meta=\"{&quot;aperture&quot;:&quot;0&quot;,&quot;credit&quot;:&quot;&quot;,&quot;camera&quot;:&quot;&quot;,&quot;caption&quot;:&quot;&quot;,&quot;created_timestamp&quot;:&quot;0&quot;,&quot;copyright&quot;:&quot;&quot;,&quot;focal_length&quot;:&quot;0&quot;,&quot;iso&quot;:&quot;0&quot;,&quot;shutter_speed&quot;:&quot;0&quot;,&quot;title&quot;:&quot;&quot;,&quot;orientation&quot;:&quot;0&quot;}\" data-image-title=\"431116780_933315448794683_5326180210365707791_n\" data-image-description=\"\" data-image-caption=\"\" data-large-file=\"https:\/\/i0.wp.com\/chatterie-du-serval.fr\/wp-content\/uploads\/2024\/03\/431116780_933315448794683_5326180210365707791_n.jpg?fit=660%2C826&amp;ssl=1\" src=\"https:\/\/i0.wp.com\/chatterie-du-serval.fr\/wp-content\/uploads\/2024\/03\/431116780_933315448794683_5326180210365707791_n.jpg?resize=660%2C826\" alt=\"\" class=\"wp-image-1620\" style=\"width:964px\" srcset=\"https:\/\/i0.wp.com\/chatterie-du-serval.fr\/wp-content\/uploads\/2024\/03\/431116780_933315448794683_5326180210365707791_n.jpg?w=767&amp;ssl=1 767w, https:\/\/i0.wp.com\/chatterie-du-serval.fr\/wp-content\/uploads\/2024\/03\/431116780_933315448794683_5326180210365707791_n.jpg?resize=240%2C300&amp;ssl=1 240w\" sizes=\"auto, (max-width: 660px) 100vw, 660px\" \/><\/a><\/figure>\n<\/div>\n\n\n<p><strong>Situ\u00e9s en Is\u00e8re \u00e0 Faverges de la Tour (38110), entre Lyon et Grenoble en France, dans une petite maison, nous \u00e9levons nos chats en famille, chez nous, avec nos 2 enfants et nos autres animaux.<\/strong><\/p>\n\n\n\n<p>Pour nous, leur sant\u00e9 et leur sociabilisation est primordiale. Nous n\u2019avons jamais eu la pr\u00e9tention d\u2019\u00eatre un grand \u00e9levage mais sommes des passionn\u00e9s souhaitant vivre cette affection&nbsp;\u00e0 fond et \u00e0 vous la faire partager.<\/p>\n\n\n\n<p><strong>Nous avons construit pour le plus grand bonheur de nos b\u00e9b\u00e9s 7 chatteries de 138m2 en tout annex\u00e9es \u00e0 notre sous sol, leur permettant ainsi de rentrer et sortir \u00e0 leurs guise, en plus du confort de la maison.<\/strong><\/p>\n\n\n<div class=\"wp-block-image\">\n<figure class=\"aligncenter size-full\"><a href=\"https:\/\/i0.wp.com\/chatterie-du-serval.fr\/wp-content\/uploads\/2023\/08\/362941661_777397064386523_619576061846506015_n.jpg\"><img data-recalc-dims=\"1\" loading=\"lazy\" decoding=\"async\" width=\"660\" height=\"495\" data-attachment-id=\"1555\" data-permalink=\"https:\/\/chatterie-du-serval.fr\/?attachment_id=1555\" data-orig-file=\"https:\/\/i0.wp.com\/chatterie-du-serval.fr\/wp-content\/uploads\/2023\/08\/362941661_777397064386523_619576061846506015_n.jpg?fit=960%2C720&amp;ssl=1\" data-orig-size=\"960,720\" data-comments-opened=\"0\" data-image-meta=\"{&quot;aperture&quot;:&quot;0&quot;,&quot;credit&quot;:&quot;&quot;,&quot;camera&quot;:&quot;&quot;,&quot;caption&quot;:&quot;&quot;,&quot;created_timestamp&quot;:&quot;0&quot;,&quot;copyright&quot;:&quot;&quot;,&quot;focal_length&quot;:&quot;0&quot;,&quot;iso&quot;:&quot;0&quot;,&quot;shutter_speed&quot;:&quot;0&quot;,&quot;title&quot;:&quot;&quot;,&quot;orientation&quot;:&quot;0&quot;}\" data-image-title=\"362941661_777397064386523_619576061846506015_n\" data-image-description=\"\" data-image-caption=\"\" data-large-file=\"https:\/\/i0.wp.com\/chatterie-du-serval.fr\/wp-content\/uploads\/2023\/08\/362941661_777397064386523_619576061846506015_n.jpg?fit=660%2C495&amp;ssl=1\" src=\"https:\/\/i0.wp.com\/chatterie-du-serval.fr\/wp-content\/uploads\/2023\/08\/362941661_777397064386523_619576061846506015_n.jpg?resize=660%2C495\" alt=\"\" class=\"wp-image-1555\" srcset=\"https:\/\/i0.wp.com\/chatterie-du-serval.fr\/wp-content\/uploads\/2023\/08\/362941661_777397064386523_619576061846506015_n.jpg?w=960&amp;ssl=1 960w, https:\/\/i0.wp.com\/chatterie-du-serval.fr\/wp-content\/uploads\/2023\/08\/362941661_777397064386523_619576061846506015_n.jpg?resize=300%2C225&amp;ssl=1 300w, https:\/\/i0.wp.com\/chatterie-du-serval.fr\/wp-content\/uploads\/2023\/08\/362941661_777397064386523_619576061846506015_n.jpg?resize=768%2C576&amp;ssl=1 768w\" sizes=\"auto, (max-width: 660px) 100vw, 660px\" \/><\/a><\/figure>\n<\/div>\n\n\n<p>Nous avons toujours eu des animaux (chevaux, chiens, chats, lapins, cochon d\u2019inde, souris, poissons, poules, canards, l\u00e9zard, tortue\u2026) mais c\u2019est au d\u00e9c\u00e8s de nos deux chats de goutti\u00e8re (17 et 18 ans) que nous avons d\u00e9cid\u00e9 de franchir le cap du chat de race. Nous sommes tomb\u00e9s amoureux de ce g\u00e9ant au c\u0153ur tendre. Souvent appel\u00e9 chat-chien, il est aujourd\u2019hui le compagnon id\u00e9al de nos enfants. Accueillant le soir quand on rentre, pr\u00e9sent jusque sous la douche\u2026m\u00ealant l\u00e9chouille de chien et ind\u00e9pendance du chat\u2026<strong>vous craquerez devant cette bouille de chat sauvage au c\u0153ur tendre.<\/strong><\/p>\n","protected":false},"excerpt":{"rendered":"<p>Chatterie professionnelle fran\u00e7aise avec SIRET Possession du Certificat de Capacit\u00e9 F\u00e9line (ACACED _CCAD-CETAC) du certificat de secourisme animalier et du dipl\u00f4me de comportementaliste f\u00e9lin. Nos reproducteurs sont test\u00e9s pour les maladies du maine coon&nbsp; ( HCM, SMA, PKdef par ADN et recherche all\u00e8le B ) ainsi que \u00e9chographie du c\u0153ur et des reins. Ils sont &hellip; <a href=\"https:\/\/chatterie-du-serval.fr\/\" class=\"more-link\">Continuer la lecture de <span class=\"screen-reader-text\">Accueil<\/span><\/a><\/p>\n","protected":false},"author":1,"featured_media":0,"parent":0,"menu_order":0,"comment_status":"closed","ping_status":"closed","template":"","meta":{"jetpack_post_was_ever_published":false,"footnotes":""},"class_list":["post-1207","page","type-page","status-publish","hentry"],"jetpack_sharing_enabled":true,"jetpack_shortlink":"https:\/\/wp.me\/P62eiX-jt","jetpack-related-posts":[],"_links":{"self":[{"href":"https:\/\/chatterie-du-serval.fr\/index.php?rest_route=\/wp\/v2\/pages\/1207","targetHints":{"allow":["GET"]}}],"collection":[{"href":"https:\/\/chatterie-du-serval.fr\/index.php?rest_route=\/wp\/v2\/pages"}],"about":[{"href":"https:\/\/chatterie-du-serval.fr\/index.php?rest_route=\/wp\/v2\/types\/page"}],"author":[{"embeddable":true,"href":"https:\/\/chatterie-du-serval.fr\/index.php?rest_route=\/wp\/v2\/users\/1"}],"replies":[{"embeddable":true,"href":"https:\/\/chatterie-du-serval.fr\/index.php?rest_route=%2Fwp%2Fv2%2Fcomments&post=1207"}],"version-history":[{"count":31,"href":"https:\/\/chatterie-du-serval.fr\/index.php?rest_route=\/wp\/v2\/pages\/1207\/revisions"}],"predecessor-version":[{"id":1959,"href":"https:\/\/chatterie-du-serval.fr\/index.php?rest_route=\/wp\/v2\/pages\/1207\/revisions\/1959"}],"wp:attachment":[{"href":"https:\/\/chatterie-du-serval.fr\/index.php?rest_route=%2Fwp%2Fv2%2Fmedia&parent=1207"}],"curies":[{"name":"wp","href":"https:\/\/api.w.org\/{rel}","templated":true}]}}