{"id":1736,"date":"2025-03-01T16:36:06","date_gmt":"2025-03-01T16:36:06","guid":{"rendered":"http:\/\/chatterie-du-serval.fr\/?page_id=1736"},"modified":"2026-02-14T12:26:35","modified_gmt":"2026-02-14T12:26:35","slug":"velours-des-hauts-du-parc","status":"publish","type":"page","link":"https:\/\/chatterie-du-serval.fr\/?page_id=1736","title":{"rendered":"Velours des Hauts du Parc"},"content":{"rendered":"\n<figure class=\"wp-block-gallery aligncenter has-nested-images columns-default is-cropped wp-block-gallery-1 is-layout-flex wp-block-gallery-is-layout-flex\">\n<figure class=\"wp-block-image size-full\"><a href=\"https:\/\/i0.wp.com\/chatterie-du-serval.fr\/wp-content\/uploads\/2026\/02\/634020722_1518382913621264_831382392346481413_n.jpg\"><img data-recalc-dims=\"1\" loading=\"lazy\" decoding=\"async\" width=\"660\" height=\"881\" data-attachment-id=\"1952\" data-permalink=\"https:\/\/chatterie-du-serval.fr\/?attachment_id=1952\" data-orig-file=\"https:\/\/i0.wp.com\/chatterie-du-serval.fr\/wp-content\/uploads\/2026\/02\/634020722_1518382913621264_831382392346481413_n.jpg?fit=1534%2C2048&amp;ssl=1\" data-orig-size=\"1534,2048\" data-comments-opened=\"0\" data-image-meta=\"{&quot;aperture&quot;:&quot;0&quot;,&quot;credit&quot;:&quot;&quot;,&quot;camera&quot;:&quot;&quot;,&quot;caption&quot;:&quot;&quot;,&quot;created_timestamp&quot;:&quot;0&quot;,&quot;copyright&quot;:&quot;&quot;,&quot;focal_length&quot;:&quot;0&quot;,&quot;iso&quot;:&quot;0&quot;,&quot;shutter_speed&quot;:&quot;0&quot;,&quot;title&quot;:&quot;&quot;,&quot;orientation&quot;:&quot;0&quot;}\" data-image-title=\"634020722_1518382913621264_831382392346481413_n\" data-image-description=\"\" data-image-caption=\"\" data-large-file=\"https:\/\/i0.wp.com\/chatterie-du-serval.fr\/wp-content\/uploads\/2026\/02\/634020722_1518382913621264_831382392346481413_n.jpg?fit=660%2C881&amp;ssl=1\" data-id=\"1952\" src=\"https:\/\/i0.wp.com\/chatterie-du-serval.fr\/wp-content\/uploads\/2026\/02\/634020722_1518382913621264_831382392346481413_n.jpg?resize=660%2C881\" alt=\"\" class=\"wp-image-1952\" srcset=\"https:\/\/i0.wp.com\/chatterie-du-serval.fr\/wp-content\/uploads\/2026\/02\/634020722_1518382913621264_831382392346481413_n.jpg?w=1534&amp;ssl=1 1534w, https:\/\/i0.wp.com\/chatterie-du-serval.fr\/wp-content\/uploads\/2026\/02\/634020722_1518382913621264_831382392346481413_n.jpg?resize=225%2C300&amp;ssl=1 225w, https:\/\/i0.wp.com\/chatterie-du-serval.fr\/wp-content\/uploads\/2026\/02\/634020722_1518382913621264_831382392346481413_n.jpg?resize=767%2C1024&amp;ssl=1 767w, https:\/\/i0.wp.com\/chatterie-du-serval.fr\/wp-content\/uploads\/2026\/02\/634020722_1518382913621264_831382392346481413_n.jpg?resize=768%2C1025&amp;ssl=1 768w, https:\/\/i0.wp.com\/chatterie-du-serval.fr\/wp-content\/uploads\/2026\/02\/634020722_1518382913621264_831382392346481413_n.jpg?resize=1151%2C1536&amp;ssl=1 1151w, https:\/\/i0.wp.com\/chatterie-du-serval.fr\/wp-content\/uploads\/2026\/02\/634020722_1518382913621264_831382392346481413_n.jpg?w=1320 1320w\" sizes=\"auto, (max-width: 660px) 100vw, 660px\" \/><\/a><\/figure>\n<\/figure>\n\n\n\n<p><strong>Velours des Hauts du Parc n\u00e9 le 22 juillet 2024 &#8211; et son look tellement sauvage !<\/strong><\/p>\n\n\n\n<figure class=\"wp-block-table\"><table><tbody><tr><td><strong>Couleur :<\/strong> Red silver Shaded<\/td><td><strong>Sain par ADN&nbsp;:<\/strong> HCM SMA PKDEF PKD<\/td><\/tr><tr><td><strong>Echographie doppler<\/strong> : ok<\/td><td><strong>C\u0153ur et rein<\/strong> : normaux<\/td><\/tr><\/tbody><\/table><\/figure>\n\n\n\n<p>Sa bouille de tueur et son pelage Shaded est juste sublime. Le roux soupoudr\u00e9 sur son poil lui donne un aspect tout simplement lumineux. Tout ce qui me manquait dans mon plan d&rsquo;\u00e9levage. Moi qui aime la diversit\u00e9 et la couleur&#8230; je suis la plus heureuse des \u00e9leveuses. <\/p>\n\n\n\n<p>Son caract\u00e8re est d&rsquo;Or. Ses ronrons et ses petits miaous sont \u00e0 pr\u00e9sent grav\u00e9s dans mon c\u0153ur. <\/p>\n\n\n\n<figure class=\"wp-block-image size-large\"><a href=\"https:\/\/i0.wp.com\/chatterie-du-serval.fr\/wp-content\/uploads\/2026\/02\/628321462_2324988274676672_531905736409994168_n.jpg\"><img data-recalc-dims=\"1\" loading=\"lazy\" decoding=\"async\" width=\"660\" height=\"880\" data-attachment-id=\"1953\" data-permalink=\"https:\/\/chatterie-du-serval.fr\/?attachment_id=1953\" data-orig-file=\"https:\/\/i0.wp.com\/chatterie-du-serval.fr\/wp-content\/uploads\/2026\/02\/628321462_2324988274676672_531905736409994168_n.jpg?fit=792%2C1056&amp;ssl=1\" data-orig-size=\"792,1056\" data-comments-opened=\"0\" data-image-meta=\"{&quot;aperture&quot;:&quot;0&quot;,&quot;credit&quot;:&quot;&quot;,&quot;camera&quot;:&quot;&quot;,&quot;caption&quot;:&quot;&quot;,&quot;created_timestamp&quot;:&quot;0&quot;,&quot;copyright&quot;:&quot;&quot;,&quot;focal_length&quot;:&quot;0&quot;,&quot;iso&quot;:&quot;0&quot;,&quot;shutter_speed&quot;:&quot;0&quot;,&quot;title&quot;:&quot;&quot;,&quot;orientation&quot;:&quot;0&quot;}\" data-image-title=\"628321462_2324988274676672_531905736409994168_n\" data-image-description=\"\" data-image-caption=\"\" data-large-file=\"https:\/\/i0.wp.com\/chatterie-du-serval.fr\/wp-content\/uploads\/2026\/02\/628321462_2324988274676672_531905736409994168_n.jpg?fit=660%2C880&amp;ssl=1\" src=\"https:\/\/i0.wp.com\/chatterie-du-serval.fr\/wp-content\/uploads\/2026\/02\/628321462_2324988274676672_531905736409994168_n.jpg?resize=660%2C880\" alt=\"\" class=\"wp-image-1953\" srcset=\"https:\/\/i0.wp.com\/chatterie-du-serval.fr\/wp-content\/uploads\/2026\/02\/628321462_2324988274676672_531905736409994168_n.jpg?resize=768%2C1024&amp;ssl=1 768w, https:\/\/i0.wp.com\/chatterie-du-serval.fr\/wp-content\/uploads\/2026\/02\/628321462_2324988274676672_531905736409994168_n.jpg?resize=225%2C300&amp;ssl=1 225w, https:\/\/i0.wp.com\/chatterie-du-serval.fr\/wp-content\/uploads\/2026\/02\/628321462_2324988274676672_531905736409994168_n.jpg?w=792&amp;ssl=1 792w\" sizes=\"auto, (max-width: 660px) 100vw, 660px\" \/><\/a><\/figure>\n\n\n\n<figure class=\"wp-block-gallery has-nested-images columns-default is-cropped wp-block-gallery-2 is-layout-flex wp-block-gallery-is-layout-flex\"><\/figure>\n\n\n<div class=\"wp-block-image\">\n<figure class=\"aligncenter size-large is-resized\"><a href=\"https:\/\/i0.wp.com\/chatterie-du-serval.fr\/wp-content\/uploads\/2025\/02\/476573227_1803672036840574_2315794339166038291_n.jpg\"><img data-recalc-dims=\"1\" loading=\"lazy\" decoding=\"async\" width=\"637\" height=\"1024\" data-attachment-id=\"1737\" data-permalink=\"https:\/\/chatterie-du-serval.fr\/?attachment_id=1737\" data-orig-file=\"https:\/\/i0.wp.com\/chatterie-du-serval.fr\/wp-content\/uploads\/2025\/02\/476573227_1803672036840574_2315794339166038291_n.jpg?fit=1080%2C1736&amp;ssl=1\" data-orig-size=\"1080,1736\" data-comments-opened=\"0\" data-image-meta=\"{&quot;aperture&quot;:&quot;0&quot;,&quot;credit&quot;:&quot;&quot;,&quot;camera&quot;:&quot;&quot;,&quot;caption&quot;:&quot;&quot;,&quot;created_timestamp&quot;:&quot;0&quot;,&quot;copyright&quot;:&quot;&quot;,&quot;focal_length&quot;:&quot;0&quot;,&quot;iso&quot;:&quot;0&quot;,&quot;shutter_speed&quot;:&quot;0&quot;,&quot;title&quot;:&quot;&quot;,&quot;orientation&quot;:&quot;0&quot;}\" data-image-title=\"476573227_1803672036840574_2315794339166038291_n\" data-image-description=\"\" data-image-caption=\"\" data-large-file=\"https:\/\/i0.wp.com\/chatterie-du-serval.fr\/wp-content\/uploads\/2025\/02\/476573227_1803672036840574_2315794339166038291_n.jpg?fit=637%2C1024&amp;ssl=1\" src=\"https:\/\/i0.wp.com\/chatterie-du-serval.fr\/wp-content\/uploads\/2025\/02\/476573227_1803672036840574_2315794339166038291_n.jpg?resize=637%2C1024\" alt=\"\" class=\"wp-image-1737\" style=\"width:624px;height:auto\" srcset=\"https:\/\/i0.wp.com\/chatterie-du-serval.fr\/wp-content\/uploads\/2025\/02\/476573227_1803672036840574_2315794339166038291_n.jpg?resize=637%2C1024&amp;ssl=1 637w, https:\/\/i0.wp.com\/chatterie-du-serval.fr\/wp-content\/uploads\/2025\/02\/476573227_1803672036840574_2315794339166038291_n.jpg?resize=187%2C300&amp;ssl=1 187w, https:\/\/i0.wp.com\/chatterie-du-serval.fr\/wp-content\/uploads\/2025\/02\/476573227_1803672036840574_2315794339166038291_n.jpg?resize=768%2C1234&amp;ssl=1 768w, https:\/\/i0.wp.com\/chatterie-du-serval.fr\/wp-content\/uploads\/2025\/02\/476573227_1803672036840574_2315794339166038291_n.jpg?resize=956%2C1536&amp;ssl=1 956w, https:\/\/i0.wp.com\/chatterie-du-serval.fr\/wp-content\/uploads\/2025\/02\/476573227_1803672036840574_2315794339166038291_n.jpg?w=1080&amp;ssl=1 1080w\" sizes=\"auto, (max-width: 637px) 100vw, 637px\" \/><\/a><\/figure>\n<\/div>\n\n\n<figure class=\"wp-block-table\"><table><tbody><tr><td><strong>Le Papa de Velours :  Taro des Hauts du Parc<\/strong><\/td><td><strong>La Maman de Velours : Shaded des Hauts du Parc<\/strong><\/td><\/tr><tr><td><img data-recalc-dims=\"1\" loading=\"lazy\" decoding=\"async\" width=\"300\" height=\"484\" data-attachment-id=\"1739\" data-permalink=\"https:\/\/chatterie-du-serval.fr\/?attachment_id=1739\" data-orig-file=\"https:\/\/i0.wp.com\/chatterie-du-serval.fr\/wp-content\/uploads\/2025\/02\/473278610_1720268082186087_5316743000934244072_n.jpg?fit=1080%2C1743&amp;ssl=1\" data-orig-size=\"1080,1743\" data-comments-opened=\"0\" data-image-meta=\"{&quot;aperture&quot;:&quot;0&quot;,&quot;credit&quot;:&quot;&quot;,&quot;camera&quot;:&quot;&quot;,&quot;caption&quot;:&quot;&quot;,&quot;created_timestamp&quot;:&quot;0&quot;,&quot;copyright&quot;:&quot;&quot;,&quot;focal_length&quot;:&quot;0&quot;,&quot;iso&quot;:&quot;0&quot;,&quot;shutter_speed&quot;:&quot;0&quot;,&quot;title&quot;:&quot;&quot;,&quot;orientation&quot;:&quot;0&quot;}\" data-image-title=\"473278610_1720268082186087_5316743000934244072_n\" data-image-description=\"\" data-image-caption=\"\" data-large-file=\"https:\/\/i0.wp.com\/chatterie-du-serval.fr\/wp-content\/uploads\/2025\/02\/473278610_1720268082186087_5316743000934244072_n.jpg?fit=634%2C1024&amp;ssl=1\" class=\"wp-image-1739\" style=\"width: 300px;\" src=\"https:\/\/i0.wp.com\/chatterie-du-serval.fr\/wp-content\/uploads\/2025\/02\/473278610_1720268082186087_5316743000934244072_n.jpg?resize=300%2C484\" alt=\"\" srcset=\"https:\/\/i0.wp.com\/chatterie-du-serval.fr\/wp-content\/uploads\/2025\/02\/473278610_1720268082186087_5316743000934244072_n.jpg?w=1080&amp;ssl=1 1080w, https:\/\/i0.wp.com\/chatterie-du-serval.fr\/wp-content\/uploads\/2025\/02\/473278610_1720268082186087_5316743000934244072_n.jpg?resize=186%2C300&amp;ssl=1 186w, https:\/\/i0.wp.com\/chatterie-du-serval.fr\/wp-content\/uploads\/2025\/02\/473278610_1720268082186087_5316743000934244072_n.jpg?resize=634%2C1024&amp;ssl=1 634w, https:\/\/i0.wp.com\/chatterie-du-serval.fr\/wp-content\/uploads\/2025\/02\/473278610_1720268082186087_5316743000934244072_n.jpg?resize=768%2C1239&amp;ssl=1 768w, https:\/\/i0.wp.com\/chatterie-du-serval.fr\/wp-content\/uploads\/2025\/02\/473278610_1720268082186087_5316743000934244072_n.jpg?resize=952%2C1536&amp;ssl=1 952w\" sizes=\"auto, (max-width: 300px) 100vw, 300px\" \/><\/td><td><img data-recalc-dims=\"1\" loading=\"lazy\" decoding=\"async\" width=\"300\" height=\"478\" data-attachment-id=\"1740\" data-permalink=\"https:\/\/chatterie-du-serval.fr\/?attachment_id=1740\" data-orig-file=\"https:\/\/i0.wp.com\/chatterie-du-serval.fr\/wp-content\/uploads\/2025\/02\/470056920_1126657332167321_2744715542729456572_n.jpg?fit=1080%2C1719&amp;ssl=1\" data-orig-size=\"1080,1719\" data-comments-opened=\"0\" data-image-meta=\"{&quot;aperture&quot;:&quot;0&quot;,&quot;credit&quot;:&quot;&quot;,&quot;camera&quot;:&quot;&quot;,&quot;caption&quot;:&quot;&quot;,&quot;created_timestamp&quot;:&quot;0&quot;,&quot;copyright&quot;:&quot;&quot;,&quot;focal_length&quot;:&quot;0&quot;,&quot;iso&quot;:&quot;0&quot;,&quot;shutter_speed&quot;:&quot;0&quot;,&quot;title&quot;:&quot;&quot;,&quot;orientation&quot;:&quot;0&quot;}\" data-image-title=\"470056920_1126657332167321_2744715542729456572_n\" data-image-description=\"\" data-image-caption=\"\" data-large-file=\"https:\/\/i0.wp.com\/chatterie-du-serval.fr\/wp-content\/uploads\/2025\/02\/470056920_1126657332167321_2744715542729456572_n.jpg?fit=643%2C1024&amp;ssl=1\" class=\"wp-image-1740\" style=\"width: 300px;\" src=\"https:\/\/i0.wp.com\/chatterie-du-serval.fr\/wp-content\/uploads\/2025\/02\/470056920_1126657332167321_2744715542729456572_n.jpg?resize=300%2C478\" alt=\"\" srcset=\"https:\/\/i0.wp.com\/chatterie-du-serval.fr\/wp-content\/uploads\/2025\/02\/470056920_1126657332167321_2744715542729456572_n.jpg?w=1080&amp;ssl=1 1080w, https:\/\/i0.wp.com\/chatterie-du-serval.fr\/wp-content\/uploads\/2025\/02\/470056920_1126657332167321_2744715542729456572_n.jpg?resize=188%2C300&amp;ssl=1 188w, https:\/\/i0.wp.com\/chatterie-du-serval.fr\/wp-content\/uploads\/2025\/02\/470056920_1126657332167321_2744715542729456572_n.jpg?resize=643%2C1024&amp;ssl=1 643w, https:\/\/i0.wp.com\/chatterie-du-serval.fr\/wp-content\/uploads\/2025\/02\/470056920_1126657332167321_2744715542729456572_n.jpg?resize=768%2C1222&amp;ssl=1 768w, https:\/\/i0.wp.com\/chatterie-du-serval.fr\/wp-content\/uploads\/2025\/02\/470056920_1126657332167321_2744715542729456572_n.jpg?resize=965%2C1536&amp;ssl=1 965w\" sizes=\"auto, (max-width: 300px) 100vw, 300px\" \/><\/td><\/tr><\/tbody><\/table><\/figure>\n","protected":false},"excerpt":{"rendered":"<p>Velours des Hauts du Parc n\u00e9 le 22 juillet 2024 &#8211; et son look tellement sauvage ! Couleur : Red silver Shaded Sain par ADN&nbsp;: HCM SMA PKDEF PKD Echographie doppler : ok C\u0153ur et rein : normaux Sa bouille de tueur et son pelage Shaded est juste sublime. Le roux soupoudr\u00e9 sur son poil &hellip; <a href=\"https:\/\/chatterie-du-serval.fr\/?page_id=1736\" class=\"more-link\">Continuer la lecture de <span class=\"screen-reader-text\">Velours des Hauts du Parc<\/span><\/a><\/p>\n","protected":false},"author":1,"featured_media":0,"parent":0,"menu_order":0,"comment_status":"closed","ping_status":"closed","template":"","meta":{"jetpack_post_was_ever_published":false,"footnotes":""},"class_list":["post-1736","page","type-page","status-publish","hentry"],"jetpack_sharing_enabled":true,"jetpack_shortlink":"https:\/\/wp.me\/P62eiX-s0","jetpack-related-posts":[],"_links":{"self":[{"href":"https:\/\/chatterie-du-serval.fr\/index.php?rest_route=\/wp\/v2\/pages\/1736","targetHints":{"allow":["GET"]}}],"collection":[{"href":"https:\/\/chatterie-du-serval.fr\/index.php?rest_route=\/wp\/v2\/pages"}],"about":[{"href":"https:\/\/chatterie-du-serval.fr\/index.php?rest_route=\/wp\/v2\/types\/page"}],"author":[{"embeddable":true,"href":"https:\/\/chatterie-du-serval.fr\/index.php?rest_route=\/wp\/v2\/users\/1"}],"replies":[{"embeddable":true,"href":"https:\/\/chatterie-du-serval.fr\/index.php?rest_route=%2Fwp%2Fv2%2Fcomments&post=1736"}],"version-history":[{"count":9,"href":"https:\/\/chatterie-du-serval.fr\/index.php?rest_route=\/wp\/v2\/pages\/1736\/revisions"}],"predecessor-version":[{"id":1955,"href":"https:\/\/chatterie-du-serval.fr\/index.php?rest_route=\/wp\/v2\/pages\/1736\/revisions\/1955"}],"wp:attachment":[{"href":"https:\/\/chatterie-du-serval.fr\/index.php?rest_route=%2Fwp%2Fv2%2Fmedia&parent=1736"}],"curies":[{"name":"wp","href":"https:\/\/api.w.org\/{rel}","templated":true}]}}