{"id":1770,"date":"2025-04-13T04:01:55","date_gmt":"2025-04-13T04:01:55","guid":{"rendered":"https:\/\/chatterie-du-serval.fr\/?page_id=1770"},"modified":"2026-02-22T06:05:36","modified_gmt":"2026-02-22T06:05:36","slug":"boutique","status":"publish","type":"page","link":"https:\/\/chatterie-du-serval.fr\/?page_id=1770","title":{"rendered":"MON LIVRE"},"content":{"rendered":"\n<p class=\"has-text-align-center\" style=\"font-size:19px\"><strong>LE REVE DEVIENT REALITE\u00a0: Mon livre est enfin disponible\u00a0!<\/strong> <\/p>\n\n\n\n<p class=\"has-dark-gray-color has-text-color has-link-color wp-elements-e3a843c94db178259b3a66c0e4059768\" style=\"font-size:19px;font-style:normal;font-weight:500\">Apr\u00e8s 3 ans d\u2019\u00e9criture, de doutes, mais surtout de passion, je suis tellement \u00e9mue de vous annoncer que mon livre <strong>\u00ab\u00a0<a href=\"https:\/\/amzn.eu\/d\/05fetvH8\">Journal d\u2019une \u00e9leveuse de chats passionn\u00e9e<\/a>\u00a0\u00bb<\/strong>\u00a0est officiellement publi\u00e9 ! <\/p>\n\n\n\n<p>Ce n\u2019est pas juste un livre sur l\u2019\u00e9levage. C\u2019est mon c\u0153ur mis sur papier. \u00c0 travers ces pages, je vous emm\u00e8ne dans les coulisses de la <strong>Chatterie du Serval.<\/strong><\/p>\n\n\n\n<p>Je vous parle :<\/p>\n\n\n\n<ul class=\"wp-block-list\">\n<li>De l\u2019envers du d\u00e9cor du Maine Coon (bien loin des clich\u00e9s).<\/li>\n<\/ul>\n\n\n\n<ul class=\"wp-block-list\">\n<li>De mon combat pour un \u00e9levage \u00e9thique, guid\u00e9 par le respect et le c\u0153ur plut\u00f4t que par les chiffres.<\/li>\n<\/ul>\n\n\n\n<ul class=\"wp-block-list\">\n<li>De mes doutes, de mes victoires, et de ce lien myst\u00e9rieux qui nous unit \u00e0 nos g\u00e9ants \u00e0 poils longs.<\/li>\n<\/ul>\n\n\n\n<ul class=\"wp-block-list\">\n<li>Mais aussi de mon propre combat personnel, o\u00f9 <strong>VOUS ma \u00ab\u00a0Famille Chat\u00a0\u00bb a \u00e9t\u00e9 ma plus grande force.<\/strong> <\/li>\n<\/ul>\n\n\n\n<p class=\"has-dark-gray-color has-light-pink-background-color has-text-color has-background has-link-color wp-elements-c549c80322e47245a919b555329c218e\" style=\"font-size:19px\">Que vous souhaitiez devenir \u00e9leveur, que vous soyez d\u00e9j\u00e0 passionn\u00e9 ou que vous partagiez simplement votre vie avec un f\u00e9lin, ce r\u00e9cit est pour vous. C&rsquo;est un manifeste pour le bien-\u00eatre animal, une respiration dans un monde qui va parfois trop vite.<\/p>\n\n\n\n<p>Merci \u00e0 tous ceux qui m&rsquo;ont soutenue, qui font partie de cette aventure et qui font battre le c\u0153ur de la chatterie chaque jour. <\/p>\n\n\n\n<p class=\"has-text-align-center\" style=\"font-size:19px\"><strong>Pour le d\u00e9couvrir et commander votre exemplaire, c&rsquo;est ici :<\/strong><\/p>\n\n\n<div class=\"wp-block-image\">\n<figure class=\"aligncenter size-large\"><a href=\"https:\/\/amzn.eu\/d\/05fetvH8\"><img data-recalc-dims=\"1\" loading=\"lazy\" decoding=\"async\" width=\"660\" height=\"935\" data-attachment-id=\"1966\" data-permalink=\"https:\/\/chatterie-du-serval.fr\/?attachment_id=1966\" data-orig-file=\"https:\/\/i0.wp.com\/chatterie-du-serval.fr\/wp-content\/uploads\/2026\/02\/image.jpg?fit=756%2C1070&amp;ssl=1\" data-orig-size=\"756,1070\" data-comments-opened=\"0\" data-image-meta=\"{&quot;aperture&quot;:&quot;0&quot;,&quot;credit&quot;:&quot;&quot;,&quot;camera&quot;:&quot;&quot;,&quot;caption&quot;:&quot;&quot;,&quot;created_timestamp&quot;:&quot;0&quot;,&quot;copyright&quot;:&quot;&quot;,&quot;focal_length&quot;:&quot;0&quot;,&quot;iso&quot;:&quot;0&quot;,&quot;shutter_speed&quot;:&quot;0&quot;,&quot;title&quot;:&quot;&quot;,&quot;orientation&quot;:&quot;0&quot;}\" data-image-title=\"image\" data-image-description=\"\" data-image-caption=\"\" data-large-file=\"https:\/\/i0.wp.com\/chatterie-du-serval.fr\/wp-content\/uploads\/2026\/02\/image.jpg?fit=660%2C935&amp;ssl=1\" src=\"https:\/\/i0.wp.com\/chatterie-du-serval.fr\/wp-content\/uploads\/2026\/02\/image.jpg?resize=660%2C935\" alt=\"\" class=\"wp-image-1966\" srcset=\"https:\/\/i0.wp.com\/chatterie-du-serval.fr\/wp-content\/uploads\/2026\/02\/image.jpg?resize=723%2C1024&amp;ssl=1 723w, https:\/\/i0.wp.com\/chatterie-du-serval.fr\/wp-content\/uploads\/2026\/02\/image.jpg?resize=212%2C300&amp;ssl=1 212w, https:\/\/i0.wp.com\/chatterie-du-serval.fr\/wp-content\/uploads\/2026\/02\/image.jpg?w=756&amp;ssl=1 756w\" sizes=\"auto, (max-width: 660px) 100vw, 660px\" \/><\/a><\/figure>\n<\/div>\n\n\n<p class=\"has-text-align-center\">H\u00e2te d&rsquo;avoir vos retours et vos avis !<\/p>\n\n\n\n<p class=\"has-text-align-center has-dark-gray-color has-light-pink-background-color has-text-color has-background has-link-color wp-elements-ac95e7e922b56d0f2b27b4fc8760107c\" style=\"font-size:19px\"><strong><a href=\"https:\/\/amzn.eu\/d\/0dBkdWJI\">Vous tomberez amoureux deux fois de votre chat : \u00e0 sa naissance et quand il vous aura choisi.<\/a><\/strong><\/p>\n\n\n\n<p><\/p>\n","protected":false},"excerpt":{"rendered":"<p>LE REVE DEVIENT REALITE\u00a0: Mon livre est enfin disponible\u00a0! Apr\u00e8s 3 ans d\u2019\u00e9criture, de doutes, mais surtout de passion, je suis tellement \u00e9mue de vous annoncer que mon livre \u00ab\u00a0Journal d\u2019une \u00e9leveuse de chats passionn\u00e9e\u00a0\u00bb\u00a0est officiellement publi\u00e9 ! Ce n\u2019est pas juste un livre sur l\u2019\u00e9levage. C\u2019est mon c\u0153ur mis sur papier. \u00c0 travers ces &hellip; <a href=\"https:\/\/chatterie-du-serval.fr\/?page_id=1770\" class=\"more-link\">Continuer la lecture de <span class=\"screen-reader-text\">MON LIVRE<\/span><\/a><\/p>\n","protected":false},"author":1,"featured_media":0,"parent":0,"menu_order":0,"comment_status":"closed","ping_status":"closed","template":"","meta":{"jetpack_post_was_ever_published":false,"footnotes":""},"class_list":["post-1770","page","type-page","status-publish","hentry"],"jetpack_sharing_enabled":true,"jetpack_shortlink":"https:\/\/wp.me\/P62eiX-sy","jetpack-related-posts":[],"_links":{"self":[{"href":"https:\/\/chatterie-du-serval.fr\/index.php?rest_route=\/wp\/v2\/pages\/1770","targetHints":{"allow":["GET"]}}],"collection":[{"href":"https:\/\/chatterie-du-serval.fr\/index.php?rest_route=\/wp\/v2\/pages"}],"about":[{"href":"https:\/\/chatterie-du-serval.fr\/index.php?rest_route=\/wp\/v2\/types\/page"}],"author":[{"embeddable":true,"href":"https:\/\/chatterie-du-serval.fr\/index.php?rest_route=\/wp\/v2\/users\/1"}],"replies":[{"embeddable":true,"href":"https:\/\/chatterie-du-serval.fr\/index.php?rest_route=%2Fwp%2Fv2%2Fcomments&post=1770"}],"version-history":[{"count":8,"href":"https:\/\/chatterie-du-serval.fr\/index.php?rest_route=\/wp\/v2\/pages\/1770\/revisions"}],"predecessor-version":[{"id":1981,"href":"https:\/\/chatterie-du-serval.fr\/index.php?rest_route=\/wp\/v2\/pages\/1770\/revisions\/1981"}],"wp:attachment":[{"href":"https:\/\/chatterie-du-serval.fr\/index.php?rest_route=%2Fwp%2Fv2%2Fmedia&parent=1770"}],"curies":[{"name":"wp","href":"https:\/\/api.w.org\/{rel}","templated":true}]}}