{"id":1816,"date":"2025-11-02T17:36:01","date_gmt":"2025-11-02T17:36:01","guid":{"rendered":"https:\/\/chatterie-du-serval.fr\/?page_id=1816"},"modified":"2026-01-10T12:36:02","modified_gmt":"2026-01-10T12:36:02","slug":"aismee-pp-des-tresors-de-breizh","status":"publish","type":"page","link":"https:\/\/chatterie-du-serval.fr\/?page_id=1816","title":{"rendered":"Aism\u00e9e PP des Tr\u00e9sors de Breizh"},"content":{"rendered":"\n<p>Je suis tomb\u00e9e amoureuse d&rsquo;Aism\u00e9e n\u00e9e le 24\/05\/2025 quand j&rsquo;ai vu sa petite t\u00e2che sur son nez. Cette minette est un adorable m\u00e9lange de beaut\u00e9, de gentillesse, de douceur et d&rsquo;affection. Tellement fan de notre petite bretonne.<\/p>\n\n\n\n<p><\/p>\n\n\n\n<figure class=\"wp-block-table\"><table class=\"has-fixed-layout\"><tbody><tr><td><strong>Couleur :<\/strong> Black Smoke Tortie<\/td><td><strong>Sain par ADN&nbsp;:<\/strong> HCM SMA PKDEF PKD<\/td><\/tr><tr><td><strong>Echographie doppler<\/strong> : \u00e0 ses un an<\/td><td><strong>C\u0153ur et rein<\/strong> : \u00e0 ses un an<\/td><\/tr><\/tbody><\/table><\/figure>\n\n\n\n<figure class=\"wp-block-image size-large\"><a href=\"https:\/\/i0.wp.com\/chatterie-du-serval.fr\/wp-content\/uploads\/2025\/11\/557785692_1402966228496267_5807752827706273443_n.jpg?ssl=1\"><img data-recalc-dims=\"1\" loading=\"lazy\" decoding=\"async\" width=\"660\" height=\"596\" data-attachment-id=\"1818\" data-permalink=\"https:\/\/chatterie-du-serval.fr\/?attachment_id=1818\" data-orig-file=\"https:\/\/i0.wp.com\/chatterie-du-serval.fr\/wp-content\/uploads\/2025\/11\/557785692_1402966228496267_5807752827706273443_n-e1763281816484.jpg?fit=1000%2C902&amp;ssl=1\" data-orig-size=\"1000,902\" data-comments-opened=\"0\" data-image-meta=\"{&quot;aperture&quot;:&quot;0&quot;,&quot;credit&quot;:&quot;&quot;,&quot;camera&quot;:&quot;&quot;,&quot;caption&quot;:&quot;&quot;,&quot;created_timestamp&quot;:&quot;0&quot;,&quot;copyright&quot;:&quot;&quot;,&quot;focal_length&quot;:&quot;0&quot;,&quot;iso&quot;:&quot;0&quot;,&quot;shutter_speed&quot;:&quot;0&quot;,&quot;title&quot;:&quot;&quot;,&quot;orientation&quot;:&quot;0&quot;}\" data-image-title=\"557785692_1402966228496267_5807752827706273443_n\" data-image-description=\"\" data-image-caption=\"&lt;p&gt;Aism\u00e9e PP&lt;\/p&gt;\n\" data-large-file=\"https:\/\/i0.wp.com\/chatterie-du-serval.fr\/wp-content\/uploads\/2025\/11\/557785692_1402966228496267_5807752827706273443_n-e1763281816484.jpg?fit=660%2C596&amp;ssl=1\" src=\"https:\/\/i0.wp.com\/chatterie-du-serval.fr\/wp-content\/uploads\/2025\/11\/557785692_1402966228496267_5807752827706273443_n-1024x924.jpg?resize=660%2C596&#038;ssl=1\" alt=\"\" class=\"wp-image-1818\"\/><\/a><\/figure>\n\n\n\n<p><strong>Taux de consanguinit\u00e9 Aism\u00e9e \/ Ragnar : 14,1 %<\/strong><\/p>\n\n\n\n<p><strong>Taux de consanguinit\u00e9 <strong>Aism\u00e9e \/ <\/strong>Stewball : 14,9 %<\/strong><\/p>\n\n\n\n<p><strong>Taux de consanguinit\u00e9 <strong>Aism\u00e9e \/ <\/strong>Stewball : 14,6 %<\/strong><\/p>\n\n\n\n<p><a href=\"https:\/\/www.pawpeds.com\/db\/?a=p&amp;id=1826545&amp;g=4&amp;p=mco&amp;o=elastic\">Pedigree d&rsquo;Aism\u00e9e PP<\/a><\/p>\n\n\n\n<figure class=\"wp-block-image size-large is-resized\"><a href=\"https:\/\/i0.wp.com\/chatterie-du-serval.fr\/wp-content\/uploads\/2025\/11\/559579616_1410044391121784_311816933833449992_n.jpg?ssl=1\"><img data-recalc-dims=\"1\" loading=\"lazy\" decoding=\"async\" width=\"660\" height=\"881\" data-attachment-id=\"1819\" data-permalink=\"https:\/\/chatterie-du-serval.fr\/?attachment_id=1819\" data-orig-file=\"https:\/\/i0.wp.com\/chatterie-du-serval.fr\/wp-content\/uploads\/2025\/11\/559579616_1410044391121784_311816933833449992_n.jpg?fit=1534%2C2048&amp;ssl=1\" data-orig-size=\"1534,2048\" data-comments-opened=\"0\" data-image-meta=\"{&quot;aperture&quot;:&quot;0&quot;,&quot;credit&quot;:&quot;&quot;,&quot;camera&quot;:&quot;&quot;,&quot;caption&quot;:&quot;&quot;,&quot;created_timestamp&quot;:&quot;0&quot;,&quot;copyright&quot;:&quot;&quot;,&quot;focal_length&quot;:&quot;0&quot;,&quot;iso&quot;:&quot;0&quot;,&quot;shutter_speed&quot;:&quot;0&quot;,&quot;title&quot;:&quot;&quot;,&quot;orientation&quot;:&quot;0&quot;}\" data-image-title=\"559579616_1410044391121784_311816933833449992_n\" data-image-description=\"\" data-image-caption=\"\" data-large-file=\"https:\/\/i0.wp.com\/chatterie-du-serval.fr\/wp-content\/uploads\/2025\/11\/559579616_1410044391121784_311816933833449992_n.jpg?fit=660%2C881&amp;ssl=1\" src=\"https:\/\/i0.wp.com\/chatterie-du-serval.fr\/wp-content\/uploads\/2025\/11\/559579616_1410044391121784_311816933833449992_n-767x1024.jpg?resize=660%2C881&#038;ssl=1\" alt=\"\" class=\"wp-image-1819\" style=\"width:840px;height:auto\" srcset=\"https:\/\/i0.wp.com\/chatterie-du-serval.fr\/wp-content\/uploads\/2025\/11\/559579616_1410044391121784_311816933833449992_n.jpg?resize=767%2C1024&amp;ssl=1 767w, https:\/\/i0.wp.com\/chatterie-du-serval.fr\/wp-content\/uploads\/2025\/11\/559579616_1410044391121784_311816933833449992_n.jpg?resize=225%2C300&amp;ssl=1 225w, https:\/\/i0.wp.com\/chatterie-du-serval.fr\/wp-content\/uploads\/2025\/11\/559579616_1410044391121784_311816933833449992_n.jpg?resize=768%2C1025&amp;ssl=1 768w, https:\/\/i0.wp.com\/chatterie-du-serval.fr\/wp-content\/uploads\/2025\/11\/559579616_1410044391121784_311816933833449992_n.jpg?resize=1151%2C1536&amp;ssl=1 1151w, https:\/\/i0.wp.com\/chatterie-du-serval.fr\/wp-content\/uploads\/2025\/11\/559579616_1410044391121784_311816933833449992_n.jpg?w=1534&amp;ssl=1 1534w, https:\/\/i0.wp.com\/chatterie-du-serval.fr\/wp-content\/uploads\/2025\/11\/559579616_1410044391121784_311816933833449992_n.jpg?w=1320 1320w\" sizes=\"auto, (max-width: 660px) 100vw, 660px\" \/><\/a><\/figure>\n\n\n\n<figure class=\"wp-block-image size-large is-resized\"><a href=\"https:\/\/i0.wp.com\/chatterie-du-serval.fr\/wp-content\/uploads\/2025\/11\/558432563_1402962838496606_7855323739868743800_n.jpg?ssl=1\"><img data-recalc-dims=\"1\" loading=\"lazy\" decoding=\"async\" width=\"660\" height=\"831\" data-attachment-id=\"1820\" data-permalink=\"https:\/\/chatterie-du-serval.fr\/?attachment_id=1820\" data-orig-file=\"https:\/\/i0.wp.com\/chatterie-du-serval.fr\/wp-content\/uploads\/2025\/11\/558432563_1402962838496606_7855323739868743800_n.jpg?fit=1626%2C2048&amp;ssl=1\" data-orig-size=\"1626,2048\" data-comments-opened=\"0\" data-image-meta=\"{&quot;aperture&quot;:&quot;0&quot;,&quot;credit&quot;:&quot;&quot;,&quot;camera&quot;:&quot;&quot;,&quot;caption&quot;:&quot;&quot;,&quot;created_timestamp&quot;:&quot;0&quot;,&quot;copyright&quot;:&quot;&quot;,&quot;focal_length&quot;:&quot;0&quot;,&quot;iso&quot;:&quot;0&quot;,&quot;shutter_speed&quot;:&quot;0&quot;,&quot;title&quot;:&quot;&quot;,&quot;orientation&quot;:&quot;0&quot;}\" data-image-title=\"558432563_1402962838496606_7855323739868743800_n\" data-image-description=\"\" data-image-caption=\"\" data-large-file=\"https:\/\/i0.wp.com\/chatterie-du-serval.fr\/wp-content\/uploads\/2025\/11\/558432563_1402962838496606_7855323739868743800_n.jpg?fit=660%2C831&amp;ssl=1\" src=\"https:\/\/i0.wp.com\/chatterie-du-serval.fr\/wp-content\/uploads\/2025\/11\/558432563_1402962838496606_7855323739868743800_n-813x1024.jpg?resize=660%2C831&#038;ssl=1\" alt=\"\" class=\"wp-image-1820\" style=\"width:840px;height:auto\" srcset=\"https:\/\/i0.wp.com\/chatterie-du-serval.fr\/wp-content\/uploads\/2025\/11\/558432563_1402962838496606_7855323739868743800_n.jpg?resize=813%2C1024&amp;ssl=1 813w, https:\/\/i0.wp.com\/chatterie-du-serval.fr\/wp-content\/uploads\/2025\/11\/558432563_1402962838496606_7855323739868743800_n.jpg?resize=238%2C300&amp;ssl=1 238w, https:\/\/i0.wp.com\/chatterie-du-serval.fr\/wp-content\/uploads\/2025\/11\/558432563_1402962838496606_7855323739868743800_n.jpg?resize=768%2C967&amp;ssl=1 768w, https:\/\/i0.wp.com\/chatterie-du-serval.fr\/wp-content\/uploads\/2025\/11\/558432563_1402962838496606_7855323739868743800_n.jpg?resize=1220%2C1536&amp;ssl=1 1220w, https:\/\/i0.wp.com\/chatterie-du-serval.fr\/wp-content\/uploads\/2025\/11\/558432563_1402962838496606_7855323739868743800_n.jpg?w=1626&amp;ssl=1 1626w, https:\/\/i0.wp.com\/chatterie-du-serval.fr\/wp-content\/uploads\/2025\/11\/558432563_1402962838496606_7855323739868743800_n.jpg?w=1320 1320w\" sizes=\"auto, (max-width: 660px) 100vw, 660px\" \/><\/a><\/figure>\n\n\n\n<figure class=\"wp-block-table\"><table class=\"has-fixed-layout\"><tbody><tr><td>Le papa d&rsquo;Aism\u00e9e : Z\u00e9phyr des Tr\u00e9sors de Breizh<\/td><td>La maman d&rsquo;Aism\u00e9e : Scarlett du Pays de Merlin<\/td><\/tr><tr><td><img data-recalc-dims=\"1\" loading=\"lazy\" decoding=\"async\" width=\"150\" height=\"200\" data-attachment-id=\"1821\" data-permalink=\"https:\/\/chatterie-du-serval.fr\/?attachment_id=1821\" data-orig-file=\"https:\/\/i0.wp.com\/chatterie-du-serval.fr\/wp-content\/uploads\/2025\/11\/8b86cb48-a8a7-4af7-a33c-904d4608452e.jpg?fit=857%2C1144&amp;ssl=1\" data-orig-size=\"857,1144\" data-comments-opened=\"0\" data-image-meta=\"{&quot;aperture&quot;:&quot;0&quot;,&quot;credit&quot;:&quot;&quot;,&quot;camera&quot;:&quot;&quot;,&quot;caption&quot;:&quot;&quot;,&quot;created_timestamp&quot;:&quot;0&quot;,&quot;copyright&quot;:&quot;&quot;,&quot;focal_length&quot;:&quot;0&quot;,&quot;iso&quot;:&quot;0&quot;,&quot;shutter_speed&quot;:&quot;0&quot;,&quot;title&quot;:&quot;&quot;,&quot;orientation&quot;:&quot;0&quot;}\" data-image-title=\"8b86cb48-a8a7-4af7-a33c-904d4608452e\" data-image-description=\"\" data-image-caption=\"\" data-large-file=\"https:\/\/i0.wp.com\/chatterie-du-serval.fr\/wp-content\/uploads\/2025\/11\/8b86cb48-a8a7-4af7-a33c-904d4608452e.jpg?fit=660%2C881&amp;ssl=1\" class=\"wp-image-1821\" style=\"width: 150px;\" src=\"https:\/\/i0.wp.com\/chatterie-du-serval.fr\/wp-content\/uploads\/2025\/11\/8b86cb48-a8a7-4af7-a33c-904d4608452e.jpg?resize=150%2C200\" alt=\"\" srcset=\"https:\/\/i0.wp.com\/chatterie-du-serval.fr\/wp-content\/uploads\/2025\/11\/8b86cb48-a8a7-4af7-a33c-904d4608452e.jpg?w=857&amp;ssl=1 857w, https:\/\/i0.wp.com\/chatterie-du-serval.fr\/wp-content\/uploads\/2025\/11\/8b86cb48-a8a7-4af7-a33c-904d4608452e.jpg?resize=225%2C300&amp;ssl=1 225w, https:\/\/i0.wp.com\/chatterie-du-serval.fr\/wp-content\/uploads\/2025\/11\/8b86cb48-a8a7-4af7-a33c-904d4608452e.jpg?resize=767%2C1024&amp;ssl=1 767w, https:\/\/i0.wp.com\/chatterie-du-serval.fr\/wp-content\/uploads\/2025\/11\/8b86cb48-a8a7-4af7-a33c-904d4608452e.jpg?resize=768%2C1025&amp;ssl=1 768w\" sizes=\"auto, (max-width: 150px) 100vw, 150px\" \/><\/td><td><img data-recalc-dims=\"1\" loading=\"lazy\" decoding=\"async\" width=\"150\" height=\"199\" data-attachment-id=\"1822\" data-permalink=\"https:\/\/chatterie-du-serval.fr\/?attachment_id=1822\" data-orig-file=\"https:\/\/i0.wp.com\/chatterie-du-serval.fr\/wp-content\/uploads\/2025\/11\/22ec9f6e-d4a9-480e-974b-66e23fecd2a8.jpg?fit=722%2C960&amp;ssl=1\" data-orig-size=\"722,960\" data-comments-opened=\"0\" data-image-meta=\"{&quot;aperture&quot;:&quot;0&quot;,&quot;credit&quot;:&quot;&quot;,&quot;camera&quot;:&quot;&quot;,&quot;caption&quot;:&quot;&quot;,&quot;created_timestamp&quot;:&quot;0&quot;,&quot;copyright&quot;:&quot;&quot;,&quot;focal_length&quot;:&quot;0&quot;,&quot;iso&quot;:&quot;0&quot;,&quot;shutter_speed&quot;:&quot;0&quot;,&quot;title&quot;:&quot;&quot;,&quot;orientation&quot;:&quot;0&quot;}\" data-image-title=\"22ec9f6e-d4a9-480e-974b-66e23fecd2a8\" data-image-description=\"\" data-image-caption=\"\" data-large-file=\"https:\/\/i0.wp.com\/chatterie-du-serval.fr\/wp-content\/uploads\/2025\/11\/22ec9f6e-d4a9-480e-974b-66e23fecd2a8.jpg?fit=660%2C878&amp;ssl=1\" class=\"wp-image-1822\" style=\"width: 150px;\" src=\"https:\/\/i0.wp.com\/chatterie-du-serval.fr\/wp-content\/uploads\/2025\/11\/22ec9f6e-d4a9-480e-974b-66e23fecd2a8.jpg?resize=150%2C199\" alt=\"\" srcset=\"https:\/\/i0.wp.com\/chatterie-du-serval.fr\/wp-content\/uploads\/2025\/11\/22ec9f6e-d4a9-480e-974b-66e23fecd2a8.jpg?w=722&amp;ssl=1 722w, https:\/\/i0.wp.com\/chatterie-du-serval.fr\/wp-content\/uploads\/2025\/11\/22ec9f6e-d4a9-480e-974b-66e23fecd2a8.jpg?resize=226%2C300&amp;ssl=1 226w\" sizes=\"auto, (max-width: 150px) 100vw, 150px\" \/><\/td><\/tr><\/tbody><\/table><\/figure>\n\n\n\n<p><\/p>\n","protected":false},"excerpt":{"rendered":"<p>Je suis tomb\u00e9e amoureuse d&rsquo;Aism\u00e9e n\u00e9e le 24\/05\/2025 quand j&rsquo;ai vu sa petite t\u00e2che sur son nez. Cette minette est un adorable m\u00e9lange de beaut\u00e9, de gentillesse, de douceur et d&rsquo;affection. Tellement fan de notre petite bretonne. Couleur : Black Smoke Tortie Sain par ADN&nbsp;: HCM SMA PKDEF PKD Echographie doppler : \u00e0 ses un &hellip; <a href=\"https:\/\/chatterie-du-serval.fr\/?page_id=1816\" class=\"more-link\">Continuer la lecture de <span class=\"screen-reader-text\">Aism\u00e9e PP des Tr\u00e9sors de Breizh<\/span><\/a><\/p>\n","protected":false},"author":3,"featured_media":0,"parent":0,"menu_order":0,"comment_status":"closed","ping_status":"closed","template":"","meta":{"jetpack_post_was_ever_published":false,"footnotes":""},"class_list":["post-1816","page","type-page","status-publish","hentry"],"jetpack_sharing_enabled":true,"jetpack_shortlink":"https:\/\/wp.me\/P62eiX-ti","jetpack-related-posts":[],"_links":{"self":[{"href":"https:\/\/chatterie-du-serval.fr\/index.php?rest_route=\/wp\/v2\/pages\/1816","targetHints":{"allow":["GET"]}}],"collection":[{"href":"https:\/\/chatterie-du-serval.fr\/index.php?rest_route=\/wp\/v2\/pages"}],"about":[{"href":"https:\/\/chatterie-du-serval.fr\/index.php?rest_route=\/wp\/v2\/types\/page"}],"author":[{"embeddable":true,"href":"https:\/\/chatterie-du-serval.fr\/index.php?rest_route=\/wp\/v2\/users\/3"}],"replies":[{"embeddable":true,"href":"https:\/\/chatterie-du-serval.fr\/index.php?rest_route=%2Fwp%2Fv2%2Fcomments&post=1816"}],"version-history":[{"count":2,"href":"https:\/\/chatterie-du-serval.fr\/index.php?rest_route=\/wp\/v2\/pages\/1816\/revisions"}],"predecessor-version":[{"id":1937,"href":"https:\/\/chatterie-du-serval.fr\/index.php?rest_route=\/wp\/v2\/pages\/1816\/revisions\/1937"}],"wp:attachment":[{"href":"https:\/\/chatterie-du-serval.fr\/index.php?rest_route=%2Fwp%2Fv2%2Fmedia&parent=1816"}],"curies":[{"name":"wp","href":"https:\/\/api.w.org\/{rel}","templated":true}]}}