{"id":341,"date":"2016-07-24T07:16:46","date_gmt":"2016-07-24T07:16:46","guid":{"rendered":"http:\/\/chatterie-du-serval.fr\/?page_id=341"},"modified":"2026-01-25T16:12:06","modified_gmt":"2026-01-25T16:12:06","slug":"la-sterilisation-a-3-mois","status":"publish","type":"page","link":"https:\/\/chatterie-du-serval.fr\/?page_id=341","title":{"rendered":"La st\u00e9rilisation \u00e0 3 mois"},"content":{"rendered":"<h1><span style=\"text-decoration: underline;\"><a href=\"http:\/\/conseilsveterinaire.com\/essai\">St\u00e9rilisation pr\u00e9coce du chat<\/a><\/span><span style=\"text-decoration: underline;\">\u00a0: avantages<\/span><\/h1>\n<p>&#8211;<strong>limiter la population f\u00e9line\u00a0:<\/strong> encore 30% d\u2019abandon en plus en 2016 et les chats de race, notamment les types, ne sont pas exclus. <strong>Dans les refuges ils sont st\u00e9rilis\u00e9s d\u00e8s 2 mois.<\/strong><\/p>\n<p>&#8211;<strong>Emp\u00eacher le marquage urinaire et r\u00e9duire l\u2019odeur des urines\u00a0: <\/strong>cela marche dans 90 % des cas et l\u2019urine est moins forte chez le chat castr\u00e9 qu\u2019entier.<\/p>\n<p>&#8211;<strong>Diminution du comportement fugueur-d\u00e9fense territoriale (bagarres)\u00a0<\/strong>: le chat est plus docile et moins agressif.<\/p>\n<p>&#8211;<strong>Aucun probl\u00e8me de sant\u00e9\u00a0par rapport aux chats st\u00e9rilis\u00e9s \u00e0 partir de 6 mois<\/strong>, \u00a0aucune diff\u00e9rence par rapport :<\/p>\n<ul>\n<li>Au M\u00e9tabolisme (prise de poids)<\/li>\n<li>A la Croissance<\/li>\n<li>Au Diam\u00e8tre de l\u2019ur\u00e8tre \u00e0 l\u2019\u00e2ge adulte<\/li>\n<li>Au niveau du comportement<\/li>\n<\/ul>\n<p>&#8211;\u00a0<strong>Les avantages de la chirurgie<\/strong>\u00a0(<a href=\"http:\/\/conseilsveterinaire.com\/essai\/?p=1539\">st\u00e9rilisation pr\u00e9coce du chat<\/a>)\u00a0:<\/p>\n<ul>\n<li><strong>Cette chirurgie est \u00a0moins traumatisante \u00e0 cet \u00e2ge<\/strong> (il est chez le v\u00e9t\u00e9rinaire avec ses fr\u00e8res et s\u0153urs)<\/li>\n<li><strong>r\u00e9cup\u00e9ration plus rapide<\/strong> (est d\u00e9j\u00e0 debout 15 min apr\u00e8s)<\/li>\n<li><strong>moins de complications<\/strong> (l\u2019ouverture est plus petite)<\/li>\n<\/ul>\n<p>&#8211;<strong>Pr\u00e9vention de tumeurs mammaires<\/strong>\u00a0: Pour \u00e9viter les tumeurs mammaires, il faut st\u00e9riliser les chattes AVANT leurs premi\u00e8res chaleurs.<\/p>\n<h1><span style=\"text-decoration: underline;\"><a href=\"http:\/\/conseilsveterinaire.com\/essai\">St\u00e9rilisation pr\u00e9coce chat<\/a><\/span><span style=\"text-decoration: underline;\">\u00a0: difficult\u00e9s\u00a0et inconv\u00e9nients\u00a0<\/span><\/h1>\n<p>L\u2019anesth\u00e9sie d\u2019un chaton de quelques semaines est un peu <strong>plus d\u00e9licate \u00e0 g\u00e9rer, mais effectu\u00e9 par une \u00e9quipe exp\u00e9riment\u00e9e, elle ne comporte\u00a0pas plus de risques\u00a0qu\u2019avec un chat adulte.<\/strong><\/p>\n<p>Il y a deux param\u00e8tres \u00e0 surveiller\u00a0: L\u2019Hypoglyc\u00e9mie et l\u2019Hypothermie. Pour le reste une st\u00e9rilisation, peut importe l&rsquo;\u00e2ge, reste un risque et toute complication est \u00e0 surveiller post op\u00e9ratoire par l&rsquo;\u00e9leveur puis l&rsquo;adoptant.<\/p>\n<h1><span style=\"text-decoration: underline;\">En conclusion<\/span><\/h1>\n<h2><a href=\"http:\/\/conseilsveterinaire.com\/essai\">Du c\u00f4t\u00e9 de \u00a0l&rsquo;\u00e9leveur<\/a><\/h2>\n<p><strong>c\u2019est plus de stresse et de travail<\/strong> car il se doit d\u2019accompagner et g\u00e9rer cet acte chirurgical. Les frais sont plus importants mais aussi le temps pass\u00e9 ainsi que les soins post chirurgicaux.<\/p>\n<p><strong>C\u2019est un acte qui va devenir obligatoire \u00e0 la vente<\/strong>, c\u2019est <strong>d\u00e9j\u00e0 le cas en Belgique<\/strong>\u00a0qui doivent vendre leur chat de compagnie obligatoirement st\u00e9rilis\u00e9s. <strong>Les contrats vous obligeant \u00e0 st\u00e9riliser<\/strong> votre animal contre l\u2019envoie de son PEDIGREE avec ch\u00e8que de caution en gage <strong>sont en France INTERDITS<\/strong>. M\u00eame si cela se pratique encore beaucoup.<\/p>\n<p>C\u2019est enfin l\u2019assurance pour l\u2019\u00e9leveur \u00a0que leur chat ne deviendra pas un ut\u00e9rus sur patte, crois\u00e9 en type ou avec des chats consanguins augmentant les risques qui en sont li\u00e9s, mais bien un gentil chat de compagnie, <strong>limitant au maximum les risques comportementaux et de maladie.<\/strong><\/p>\n<h2><a href=\"http:\/\/conseilsveterinaire.com\/essai\">Du c\u00f4t\u00e9 de l&rsquo;acheteur<\/a><\/h2>\n<p>c\u2019est la <strong>tranquillit\u00e9 <\/strong>d\u2019avoir un chat livr\u00e9 \u00ab\u00a0clef en main\u00a0\u00bb sans avoir besoin de prendre le risque plus tard de l\u2019op\u00e9rer. <strong>Un stresse en moins \u00e9vident.<\/strong><\/p>\n<p><strong>Vid\u00e9o du 18 janvier 2026 :<\/strong>\u00a0<a href=\"https:\/\/youtu.be\/iJSzw0_nJfQ?si=dHDkJ1L0GXCEHN29\">Un v\u00e9t\u00e9rinaire sp\u00e9cialiste en reproduction vous explique tout ici<\/a><\/p>\n<p><strong>sources de d\u00e9cembre 2019<\/strong> <strong>:<\/strong> <a href=\"https:\/\/wamiz.com\/chats\/conseil\/la-sterilisation-du-chat-les-fausses-croyances-et-vrais-avantages-4829.html\">https:\/\/wamiz.com\/chats\/conseil\/la-sterilisation-du-chat-les-fausses-croyances-et-vrais-avantages-4829.html<\/a><\/p>\n<p><strong>sources de d\u00e9cembre 2011 :<\/strong> <a href=\"http:\/\/conseilsveterinaire.com\/les-avantages-de-la-sterilisation-precoce-du-chat\/\">http:\/\/conseilsveterinaire.com\/les-avantages-de-la-sterilisation-precoce-du-chat\/<\/a><\/p>\n<p><strong>sources :<\/strong><\/p>\n<p>Etudes Universit\u00e9 du Texas, <strong>1997 &amp; 2000<\/strong>.<\/p>\n<p>\u00a0Dr v\u00e9t\u00e9rinaire X. L\u00e9vy, ENVA Maisons Alfort (Howe, <strong>1997<\/strong>), (Howe\/Slater\/Boothe, <strong>2000<\/strong>), (Stubbs\/Bloomberg\/Scurggs, <strong>1996<\/strong>)<\/p>\n<p>\u00a0Etude Minnesota University, <strong>1996<\/strong>, Etude Texas University, <strong>2000<\/strong>.<\/p>\n<p>Etude Cornell University, <strong>2004<\/strong> &amp; Mercer University,<strong> 2001<\/strong>.<\/p>\n<p>\u00a0Dr S. Little, Ottawa, Winn Feline Foundation.<\/p>\n<p>Dr Spain, Scarlett, &amp; Houpt)<\/p>\n<p>Dr E. Malandain, ENVA Maisons Alfort, <strong>2003<\/strong>.<\/p>\n<p><a href=\"http:\/\/www.ragdoll.asso.fr\/index.php\/sante\/sterilisation-precoce?fbclid=IwAR0ez6IJ-l1N5Q73YVpHqAZ4-T3T72A_yKbv0o7UOoe786ttU4qYpsn4gdU\">http:\/\/www.ragdoll.asso.fr\/index.php\/sante\/sterilisation-precoce?fbclid=IwAR0ez6IJ-l1N5Q73YVpHqAZ4-T3T72A_yKbv0o7UOoe786ttU4qYpsn4gdU<\/a><\/p>\n<p><strong>sources du 21 novembre 2021 de la D\u00e9p\u00eache du V\u00e9t\u00e9rinaire :<\/strong> <a href=\"https:\/\/www.depecheveterinaire.com\/sterilisation-precoce-des-chatons_679E558B438041.html?fbclid=IwAR2UOCiJlwWiUupd2_vJQL0rjc8ZBE5OLBIF_vO8hgXNMeqKa0qSQ3pXt68\">https:\/\/www.depecheveterinaire.com\/sterilisation-precoce-des-chatons_679E558B438041.html?fbclid=IwAR2UOCiJlwWiUupd2_vJQL0rjc8ZBE5OLBIF_vO8hgXNMeqKa0qSQ3pXt68<\/a><\/p>\n<p><strong>publication parue en janvier 2018 dans la Semaine V\u00e9t\u00e9rinaire concernant la pratique de la st\u00e9rilisation pr\u00e9coce chez les chatons :<\/strong><\/p>\n<p><a href=\"https:\/\/i0.wp.com\/chatterie-du-serval.fr\/wp-content\/uploads\/2016\/07\/26239652_10212347881064492_5976950596359763034_n.jpg\"><img data-recalc-dims=\"1\" loading=\"lazy\" decoding=\"async\" data-attachment-id=\"672\" data-permalink=\"https:\/\/chatterie-du-serval.fr\/?attachment_id=672\" data-orig-file=\"https:\/\/i0.wp.com\/chatterie-du-serval.fr\/wp-content\/uploads\/2016\/07\/26239652_10212347881064492_5976950596359763034_n.jpg?fit=663%2C960&amp;ssl=1\" data-orig-size=\"663,960\" data-comments-opened=\"0\" data-image-meta=\"{&quot;aperture&quot;:&quot;0&quot;,&quot;credit&quot;:&quot;&quot;,&quot;camera&quot;:&quot;&quot;,&quot;caption&quot;:&quot;&quot;,&quot;created_timestamp&quot;:&quot;0&quot;,&quot;copyright&quot;:&quot;&quot;,&quot;focal_length&quot;:&quot;0&quot;,&quot;iso&quot;:&quot;0&quot;,&quot;shutter_speed&quot;:&quot;0&quot;,&quot;title&quot;:&quot;&quot;,&quot;orientation&quot;:&quot;0&quot;}\" data-image-title=\"26239652_10212347881064492_5976950596359763034_n\" data-image-description=\"\" data-image-caption=\"\" data-large-file=\"https:\/\/i0.wp.com\/chatterie-du-serval.fr\/wp-content\/uploads\/2016\/07\/26239652_10212347881064492_5976950596359763034_n.jpg?fit=660%2C956&amp;ssl=1\" class=\"alignnone wp-image-672 size-full\" src=\"https:\/\/i0.wp.com\/chatterie-du-serval.fr\/wp-content\/uploads\/2016\/07\/26239652_10212347881064492_5976950596359763034_n.jpg?resize=660%2C956\" alt=\"26239652_10212347881064492_5976950596359763034_n\" width=\"660\" height=\"956\" srcset=\"https:\/\/i0.wp.com\/chatterie-du-serval.fr\/wp-content\/uploads\/2016\/07\/26239652_10212347881064492_5976950596359763034_n.jpg?w=663&amp;ssl=1 663w, https:\/\/i0.wp.com\/chatterie-du-serval.fr\/wp-content\/uploads\/2016\/07\/26239652_10212347881064492_5976950596359763034_n.jpg?resize=207%2C300&amp;ssl=1 207w\" sizes=\"auto, (max-width: 660px) 100vw, 660px\" \/><\/a><\/p>\n<p><a href=\"https:\/\/i0.wp.com\/chatterie-du-serval.fr\/wp-content\/uploads\/2016\/07\/26734096_10212347881264497_3473581249810307106_n.jpg\"><img data-recalc-dims=\"1\" loading=\"lazy\" decoding=\"async\" data-attachment-id=\"673\" data-permalink=\"https:\/\/chatterie-du-serval.fr\/?attachment_id=673\" data-orig-file=\"https:\/\/i0.wp.com\/chatterie-du-serval.fr\/wp-content\/uploads\/2016\/07\/26734096_10212347881264497_3473581249810307106_n.jpg?fit=634%2C960&amp;ssl=1\" data-orig-size=\"634,960\" data-comments-opened=\"0\" data-image-meta=\"{&quot;aperture&quot;:&quot;0&quot;,&quot;credit&quot;:&quot;&quot;,&quot;camera&quot;:&quot;&quot;,&quot;caption&quot;:&quot;&quot;,&quot;created_timestamp&quot;:&quot;0&quot;,&quot;copyright&quot;:&quot;&quot;,&quot;focal_length&quot;:&quot;0&quot;,&quot;iso&quot;:&quot;0&quot;,&quot;shutter_speed&quot;:&quot;0&quot;,&quot;title&quot;:&quot;&quot;,&quot;orientation&quot;:&quot;0&quot;}\" data-image-title=\"26734096_10212347881264497_3473581249810307106_n\" data-image-description=\"\" data-image-caption=\"\" data-large-file=\"https:\/\/i0.wp.com\/chatterie-du-serval.fr\/wp-content\/uploads\/2016\/07\/26734096_10212347881264497_3473581249810307106_n.jpg?fit=634%2C960&amp;ssl=1\" class=\"alignnone wp-image-673 size-full\" src=\"https:\/\/i0.wp.com\/chatterie-du-serval.fr\/wp-content\/uploads\/2016\/07\/26734096_10212347881264497_3473581249810307106_n.jpg?resize=634%2C960\" alt=\"26734096_10212347881264497_3473581249810307106_n\" width=\"634\" height=\"960\" srcset=\"https:\/\/i0.wp.com\/chatterie-du-serval.fr\/wp-content\/uploads\/2016\/07\/26734096_10212347881264497_3473581249810307106_n.jpg?w=634&amp;ssl=1 634w, https:\/\/i0.wp.com\/chatterie-du-serval.fr\/wp-content\/uploads\/2016\/07\/26734096_10212347881264497_3473581249810307106_n.jpg?resize=198%2C300&amp;ssl=1 198w\" sizes=\"auto, (max-width: 634px) 100vw, 634px\" \/><\/a>L&rsquo;article rappelle bien les principes de protection animale, les b\u00e9n\u00e9fices prouv\u00e9s de la st\u00e9rilisation pr\u00e9coce et l&rsquo;ABSENCE d&rsquo;effets secondaires souvent mis en avant pour la refuser ou la d\u00e9nigrer (absence en particulier de troubles urinaires ou de retards de croissance).<\/p>\n<p>Ci-dessous une photo d&rsquo;une de mes minettes de 3 mois le soir m\u00eame de sa st\u00e9rilisation, elle court de partout et joue le jour m\u00eame ! <span class=\"_5mfr _47e3\"><img loading=\"lazy\" decoding=\"async\" class=\"img\" src=\"https:\/\/static.xx.fbcdn.net\/images\/emoji.php\/v9\/f27\/1.5\/16\/1f600.png\" alt=\"\" width=\"16\" height=\"16\" \/><span class=\"_7oe\">&#x1f600;<\/span><\/span><\/p>\n<p>Fils internes, pas de pansements ou d&rsquo;antibiotiques \u00e0 donner&#8230;je suis fan <span class=\"_5mfr _47e3\"><img loading=\"lazy\" decoding=\"async\" class=\"img\" src=\"https:\/\/static.xx.fbcdn.net\/images\/emoji.php\/v9\/f5b\/1.5\/16\/1f60d.png\" alt=\"\" width=\"16\" height=\"16\" \/><span class=\"_7oe\">&#x1f60d;<\/span><\/span><span class=\"_5mfr _47e3\"><img loading=\"lazy\" decoding=\"async\" class=\"img\" src=\"https:\/\/static.xx.fbcdn.net\/images\/emoji.php\/v9\/f5b\/1.5\/16\/1f60d.png\" alt=\"\" width=\"16\" height=\"16\" \/><span class=\"_7oe\">&#x1f60d;<\/span><\/span><\/p>\n<p><a href=\"https:\/\/i0.wp.com\/chatterie-du-serval.fr\/wp-content\/uploads\/2016\/07\/29249160_920068694821475_4443064591746556754_n.jpg\"><img data-recalc-dims=\"1\" loading=\"lazy\" decoding=\"async\" data-attachment-id=\"713\" data-permalink=\"https:\/\/chatterie-du-serval.fr\/?attachment_id=713\" data-orig-file=\"https:\/\/i0.wp.com\/chatterie-du-serval.fr\/wp-content\/uploads\/2016\/07\/29249160_920068694821475_4443064591746556754_n.jpg?fit=720%2C960&amp;ssl=1\" data-orig-size=\"720,960\" data-comments-opened=\"0\" data-image-meta=\"{&quot;aperture&quot;:&quot;0&quot;,&quot;credit&quot;:&quot;&quot;,&quot;camera&quot;:&quot;&quot;,&quot;caption&quot;:&quot;&quot;,&quot;created_timestamp&quot;:&quot;0&quot;,&quot;copyright&quot;:&quot;&quot;,&quot;focal_length&quot;:&quot;0&quot;,&quot;iso&quot;:&quot;0&quot;,&quot;shutter_speed&quot;:&quot;0&quot;,&quot;title&quot;:&quot;&quot;,&quot;orientation&quot;:&quot;0&quot;}\" data-image-title=\"29249160_920068694821475_4443064591746556754_n\" data-image-description=\"\" data-image-caption=\"\" data-large-file=\"https:\/\/i0.wp.com\/chatterie-du-serval.fr\/wp-content\/uploads\/2016\/07\/29249160_920068694821475_4443064591746556754_n.jpg?fit=660%2C880&amp;ssl=1\" class=\"alignnone size-full wp-image-713\" src=\"https:\/\/i0.wp.com\/chatterie-du-serval.fr\/wp-content\/uploads\/2016\/07\/29249160_920068694821475_4443064591746556754_n.jpg?resize=660%2C880\" alt=\"29249160_920068694821475_4443064591746556754_n\" width=\"660\" height=\"880\" srcset=\"https:\/\/i0.wp.com\/chatterie-du-serval.fr\/wp-content\/uploads\/2016\/07\/29249160_920068694821475_4443064591746556754_n.jpg?w=720&amp;ssl=1 720w, https:\/\/i0.wp.com\/chatterie-du-serval.fr\/wp-content\/uploads\/2016\/07\/29249160_920068694821475_4443064591746556754_n.jpg?resize=225%2C300&amp;ssl=1 225w\" sizes=\"auto, (max-width: 660px) 100vw, 660px\" \/><\/a><\/p>\n\n\n<p>En regroupant tous ces articles et vid\u00e9os, qui dates de plus de 30 ans, j&rsquo;esp\u00e8re ainsi faire avancer les mentalit\u00e9s sur la st\u00e9rilisation pr\u00e9coce. <\/p>\n","protected":false},"excerpt":{"rendered":"<p>St\u00e9rilisation pr\u00e9coce du chat\u00a0: avantages &#8211;limiter la population f\u00e9line\u00a0: encore 30% d\u2019abandon en plus en 2016 et les chats de race, notamment les types, ne sont pas exclus. Dans les refuges ils sont st\u00e9rilis\u00e9s d\u00e8s 2 mois. &#8211;Emp\u00eacher le marquage urinaire et r\u00e9duire l\u2019odeur des urines\u00a0: cela marche dans 90 % des cas et l\u2019urine &hellip; <a href=\"https:\/\/chatterie-du-serval.fr\/?page_id=341\" class=\"more-link\">Continuer la lecture de <span class=\"screen-reader-text\">La st\u00e9rilisation \u00e0 3 mois<\/span><\/a><\/p>\n","protected":false},"author":1,"featured_media":0,"parent":0,"menu_order":0,"comment_status":"closed","ping_status":"open","template":"","meta":{"footnotes":""},"class_list":["post-341","page","type-page","status-publish","hentry"],"jetpack_sharing_enabled":true,"jetpack_shortlink":"https:\/\/wp.me\/P62eiX-5v","jetpack-related-posts":[],"_links":{"self":[{"href":"https:\/\/chatterie-du-serval.fr\/index.php?rest_route=\/wp\/v2\/pages\/341","targetHints":{"allow":["GET"]}}],"collection":[{"href":"https:\/\/chatterie-du-serval.fr\/index.php?rest_route=\/wp\/v2\/pages"}],"about":[{"href":"https:\/\/chatterie-du-serval.fr\/index.php?rest_route=\/wp\/v2\/types\/page"}],"author":[{"embeddable":true,"href":"https:\/\/chatterie-du-serval.fr\/index.php?rest_route=\/wp\/v2\/users\/1"}],"replies":[{"embeddable":true,"href":"https:\/\/chatterie-du-serval.fr\/index.php?rest_route=%2Fwp%2Fv2%2Fcomments&post=341"}],"version-history":[{"count":22,"href":"https:\/\/chatterie-du-serval.fr\/index.php?rest_route=\/wp\/v2\/pages\/341\/revisions"}],"predecessor-version":[{"id":1950,"href":"https:\/\/chatterie-du-serval.fr\/index.php?rest_route=\/wp\/v2\/pages\/341\/revisions\/1950"}],"wp:attachment":[{"href":"https:\/\/chatterie-du-serval.fr\/index.php?rest_route=%2Fwp%2Fv2%2Fmedia&parent=341"}],"curies":[{"name":"wp","href":"https:\/\/api.w.org\/{rel}","templated":true}]}}