{"id":86,"date":"2015-02-22T16:48:51","date_gmt":"2015-02-22T16:48:51","guid":{"rendered":"http:\/\/chatterie-du-serval.fr\/?page_id=86"},"modified":"2026-04-29T12:24:50","modified_gmt":"2026-04-29T12:24:50","slug":"chatons-2","status":"publish","type":"page","link":"https:\/\/chatterie-du-serval.fr\/?page_id=86","title":{"rendered":"Conditions d&rsquo;adoption"},"content":{"rendered":"\n<p><\/p>\n\n\n<p style=\"text-align: center;\"><strong><span style=\"color: #0000ff;\">Pour suivre la vie de la Chatterie merci d&rsquo;aimer\u00a0<\/span><\/strong><strong><span style=\"color: #0000ff;\">ma page<\/span> <a href=\"https:\/\/www.facebook.com\/chatterieduserval\/\">Facebook<\/a>\u00a0<\/strong><\/p>\n<p style=\"text-align: center;\"><span style=\"color: #0000ff;\"><strong>Si vous n&rsquo;avez pas de compte Facebook vous pouvez me contacter par mail \u00e0<\/strong><\/span><strong><a href=\"mailto:sandradubief@yahoo.fr\"> sandradubief@yahoo.fr<\/a><\/strong><\/p>\n<p style=\"text-align: center;\"><a href=\"https:\/\/i0.wp.com\/chatterie-du-serval.fr\/wp-content\/uploads\/2015\/02\/51737873_1147429082085434_1785336858914324480_n.jpg\"><img data-recalc-dims=\"1\" loading=\"lazy\" decoding=\"async\" data-attachment-id=\"826\" data-permalink=\"https:\/\/chatterie-du-serval.fr\/?attachment_id=826\" data-orig-file=\"https:\/\/i0.wp.com\/chatterie-du-serval.fr\/wp-content\/uploads\/2015\/02\/51737873_1147429082085434_1785336858914324480_n.jpg?fit=714%2C960&amp;ssl=1\" data-orig-size=\"714,960\" data-comments-opened=\"0\" data-image-meta=\"{&quot;aperture&quot;:&quot;0&quot;,&quot;credit&quot;:&quot;&quot;,&quot;camera&quot;:&quot;&quot;,&quot;caption&quot;:&quot;&quot;,&quot;created_timestamp&quot;:&quot;0&quot;,&quot;copyright&quot;:&quot;&quot;,&quot;focal_length&quot;:&quot;0&quot;,&quot;iso&quot;:&quot;0&quot;,&quot;shutter_speed&quot;:&quot;0&quot;,&quot;title&quot;:&quot;&quot;,&quot;orientation&quot;:&quot;0&quot;}\" data-image-title=\"51737873_1147429082085434_1785336858914324480_n\" data-image-description=\"\" data-image-caption=\"\" data-large-file=\"https:\/\/i0.wp.com\/chatterie-du-serval.fr\/wp-content\/uploads\/2015\/02\/51737873_1147429082085434_1785336858914324480_n.jpg?fit=660%2C887&amp;ssl=1\" class=\"size-full wp-image-826 aligncenter\" src=\"https:\/\/i0.wp.com\/chatterie-du-serval.fr\/wp-content\/uploads\/2015\/02\/51737873_1147429082085434_1785336858914324480_n.jpg?resize=660%2C887\" alt=\"51737873_1147429082085434_1785336858914324480_n\" width=\"660\" height=\"887\" srcset=\"https:\/\/i0.wp.com\/chatterie-du-serval.fr\/wp-content\/uploads\/2015\/02\/51737873_1147429082085434_1785336858914324480_n.jpg?w=714&amp;ssl=1 714w, https:\/\/i0.wp.com\/chatterie-du-serval.fr\/wp-content\/uploads\/2015\/02\/51737873_1147429082085434_1785336858914324480_n.jpg?resize=223%2C300&amp;ssl=1 223w\" sizes=\"auto, (max-width: 660px) 100vw, 660px\" \/><\/a><\/p>\n<p style=\"text-align: center;\"><strong><span style=\"color: #0000ff;\">Prochaines naissances : \u00e9t\u00e9 et automne 2026.\u00a0<\/span><\/strong><\/p>\n<p>2026 ann\u00e9e des <strong>B<\/strong> comme premi\u00e8re lettre \u00e0 donner \u00e0 un chat LOOF. <span style=\"color: #0000ff;\">Je vous laisse le choix du pr\u00e9nom jusqu&rsquo;au 2 mois du chaton.<\/span> Apr\u00e8s je dois envoyer les noms au LOOF et je ne peux h\u00e9las plus modifier.\u00a0<\/p>\n<p style=\"text-align: center;\"><strong><span style=\"color: #0000ff;\">Afin d&rsquo;assurer la sociabilisation du chaton, celui-ci restera avec sa m\u00e8re et ses fr\u00e8res et s\u0153urs jusqu&rsquo;\u00e0 l&rsquo;\u00e2ge de 3 mois.\u00a0<\/span><\/strong>Il est \u00e9galement sociabilis\u00e9 aux autres chats, aux chiens et aux enfants.<\/p>\n<p style=\"text-align: center;\"><span style=\"color: #993300;\"><strong>Adoptez \u00e0 la Chatterie du Serval : Des garanties pour un chaton en pleine sant\u00e9 !<\/strong><\/span><\/p>\n<p><span style=\"color: #ff00ff;\"><strong>Vos garanties :<\/strong><\/span><\/p>\n<ul>\n<li><strong>Parents test\u00e9s sains avec suivi annuel par le v\u00e9t\u00e9rinaire<\/strong> (PKD, PKDef, SMA, HCM + \u00e9chographies c\u0153ur et reins) : une copie des tests vous est remise \u00e0 la r\u00e9servation.<\/li>\n<li><strong>Chatons vaccin\u00e9s 2 fois et <a href=\"http:\/\/chatterie-du-serval.fr\/?page_id=341\">st\u00e9rilis\u00e9s pour compagnie<\/a><\/strong>.<\/li>\n<li><strong>Vaccination compl\u00e8te<\/strong> incluant la leucose pour une protection optimale.<\/li>\n<li><strong>Vermifuge<\/strong> administr\u00e9 avant le d\u00e9part<\/li>\n<li><strong>Double assurance sant\u00e9<\/strong> : Agria (15 jours) puis Sant\u00e9Vet (2 mois) offertes, sans engagement (sauf pour l&rsquo;\u00e9tranger).<\/li>\n<li><strong>Option abonnement Royal Canin<\/strong>: r\u00e9ductions et consultation gratuite avec un comportementaliste f\u00e9lin (sauf pour l&rsquo;\u00e9tranger).<\/li>\n<\/ul>\n<p><span style=\"color: #ff00ff;\"><strong>Vos avantages :<\/strong><\/span><\/p>\n<p><strong><u>Avant le d\u00e9part :<\/u><\/strong><\/p>\n<ul>\n<li><strong>Dossier complet<\/strong> envoy\u00e9 par mail (ou courrier) :\n<ul>\n<li>Contrat de r\u00e9servation<\/li>\n<li>Certificat d&rsquo;engagement et de connaissance<\/li>\n<li>Copies des tests ADN et \u00e9chographies des parents<\/li>\n<li>Document d&rsquo;information 1 mois avant le d\u00e9part (habitudes, co\u00fbt, comportement, etc.)<\/li>\n<\/ul>\n<\/li>\n<li><strong>Suivi v\u00e9t\u00e9rinaire rigoureux<\/strong> :\n<ul>\n<li>Primo vaccination \u00e0 2 mois<\/li>\n<li>Rappel des vaccins et <a href=\"http:\/\/chatterie-du-serval.fr\/?page_id=341\">st\u00e9rilisation \u00e0 3 mois<\/a> (typhus, coryza, leucose)<\/li>\n<\/ul>\n<\/li>\n<\/ul>\n<p><strong><u>Le jour du d\u00e9part :<\/u><\/strong><\/p>\n<ul>\n<li>Carnet de vaccination<\/li>\n<li>Identification par puce \u00e9lectronique (ICAD provisoire + envoi de l&rsquo;ICAD d\u00e9finitif par mail)<\/li>\n<li>Certificat v\u00e9t\u00e9rinaire<\/li>\n<li>Contrat de vente sign\u00e9<\/li>\n<li>Copie de la demande de PEDIGREE LOOF (l&rsquo;original vous sera envoy\u00e9 sous 2 mois environ)<\/li>\n<li>Brochures d&rsquo;information Agria et Sant\u00e9Vet + comparatif des avantages<\/li>\n<li>Kit chaton Royal Canin + \u00e9chantillon de croquettes<\/li>\n<li>Jouets et doudou pr\u00e9f\u00e9r\u00e9<\/li>\n<\/ul>\n<p><span style=\"color: #993300;\"><strong>En r\u00e9sum\u00e9, la Chatterie du Serval met tout en \u0153uvre pour vous offrir un chaton en parfaite sant\u00e9 et bien dans ses pattes. N&rsquo;h\u00e9sitez pas \u00e0 nous contacter pour plus d&rsquo;informations !<\/strong><\/span><\/p>\n<p style=\"text-align: center;\"><a href=\"https:\/\/i0.wp.com\/chatterie-du-serval.fr\/wp-content\/uploads\/2021\/09\/11.jpg\"><img data-recalc-dims=\"1\" loading=\"lazy\" decoding=\"async\" data-attachment-id=\"1104\" data-permalink=\"https:\/\/chatterie-du-serval.fr\/?attachment_id=1104\" data-orig-file=\"https:\/\/i0.wp.com\/chatterie-du-serval.fr\/wp-content\/uploads\/2021\/09\/11.jpg?fit=728%2C246&amp;ssl=1\" data-orig-size=\"728,246\" data-comments-opened=\"0\" data-image-meta=\"{&quot;aperture&quot;:&quot;0&quot;,&quot;credit&quot;:&quot;&quot;,&quot;camera&quot;:&quot;&quot;,&quot;caption&quot;:&quot;&quot;,&quot;created_timestamp&quot;:&quot;0&quot;,&quot;copyright&quot;:&quot;&quot;,&quot;focal_length&quot;:&quot;0&quot;,&quot;iso&quot;:&quot;0&quot;,&quot;shutter_speed&quot;:&quot;0&quot;,&quot;title&quot;:&quot;&quot;,&quot;orientation&quot;:&quot;1&quot;}\" data-image-title=\"11\" data-image-description=\"\" data-image-caption=\"\" data-large-file=\"https:\/\/i0.wp.com\/chatterie-du-serval.fr\/wp-content\/uploads\/2021\/09\/11.jpg?fit=660%2C223&amp;ssl=1\" class=\"alignnone size-full wp-image-1104\" src=\"https:\/\/i0.wp.com\/chatterie-du-serval.fr\/wp-content\/uploads\/2021\/09\/11.jpg?resize=660%2C223\" alt=\"\" width=\"660\" height=\"223\" srcset=\"https:\/\/i0.wp.com\/chatterie-du-serval.fr\/wp-content\/uploads\/2021\/09\/11.jpg?w=728&amp;ssl=1 728w, https:\/\/i0.wp.com\/chatterie-du-serval.fr\/wp-content\/uploads\/2021\/09\/11.jpg?resize=300%2C101&amp;ssl=1 300w\" sizes=\"auto, (max-width: 660px) 100vw, 660px\" \/><\/a><\/p>\n<p style=\"text-align: left;\"><span style=\"color: #0000ff;\"><strong><a href=\"https:\/\/chatterie-du-serval.fr\/?page_id=132\">Maine Coon<\/a> 1500\u20ac<\/strong><\/span><\/p>\n<p data-sourcepos=\"5:1-5:12\"><span style=\"color: #0000ff;\"><strong><a href=\"https:\/\/chatterie-du-serval.fr\/?page_id=319\">Maine Coon Polydactyle<\/a> 1600 \u20ac<\/strong><\/span><\/p>\n<p data-sourcepos=\"11:1-12:99\"><strong>Reproduction :<\/strong> Contactez-moi directement pour conna\u00eetre les conditions.<br \/><strong>Important :<\/strong> Aucune saillie ext\u00e9rieure n&rsquo;est autoris\u00e9e afin de pr\u00e9server la sant\u00e9 de nos chats.<\/p>\n<p data-sourcepos=\"14:1-14:25\"><strong>Conditions de vente :<\/strong><\/p>\n<ol data-sourcepos=\"16:1-21:0\">\n<li data-sourcepos=\"16:1-16:144\"><strong>Suivez-nous sur <a href=\"https:\/\/www.facebook.com\/chatterieduserval\/\">Facebook<\/a> !<\/strong> Les futures naissances y seront annonc\u00e9es. N&rsquo;h\u00e9sitez pas \u00e0 me contacter pour me faire part de vos pr\u00e9f\u00e9rences.<\/li>\n<li data-sourcepos=\"17:1-17:110\"><strong>R\u00e9servez votre chaton.<\/strong> D\u00e8s l&rsquo;annonce d&rsquo;une port\u00e9e, contactez-moi pour poser une option d&rsquo;une semaine.<\/li>\n<li data-sourcepos=\"18:1-18:134\"><strong>Signez le contrat de r\u00e9servation.<\/strong> Le contrat vous sera envoy\u00e9 par mail, courrier ou remis en main propre lors de votre visite.<\/li>\n<li data-sourcepos=\"19:1-19:92\"><strong>Versez un acompte.<\/strong> Votre chaton est officiellement r\u00e9serv\u00e9 une fois l&rsquo;acompte vers\u00e9.<\/li>\n<li data-sourcepos=\"20:1-21:0\"><strong>R\u00e9glez le solde.<\/strong> Plusieurs options s&rsquo;offrent \u00e0 vous : ch\u00e8que (15 jours avant le d\u00e9part), esp\u00e8ces ou virement. En plusieurs fois si vous le souhaitez mais le solde doit \u00eatre r\u00e9gl\u00e9 int\u00e9gralement avant le d\u00e9part du chaton.<\/li>\n<\/ol>\n<p data-sourcepos=\"22:1-22:83\"><span style=\"color: #993300;\"><strong>N&rsquo;h\u00e9sitez pas \u00e0 me contacter pour toute question.<\/strong><\/span><\/p>\n<p style=\"text-align: center;\" align=\"left\"><a href=\"https:\/\/i0.wp.com\/chatterie-du-serval.fr\/wp-content\/uploads\/2025\/04\/Reglementation-en-elevage-2.jpg\"><img data-recalc-dims=\"1\" loading=\"lazy\" decoding=\"async\" data-attachment-id=\"1761\" data-permalink=\"https:\/\/chatterie-du-serval.fr\/?attachment_id=1761\" data-orig-file=\"https:\/\/i0.wp.com\/chatterie-du-serval.fr\/wp-content\/uploads\/2025\/04\/Reglementation-en-elevage-2.jpg?fit=940%2C788&amp;ssl=1\" data-orig-size=\"940,788\" data-comments-opened=\"0\" data-image-meta=\"{&quot;aperture&quot;:&quot;0&quot;,&quot;credit&quot;:&quot;&quot;,&quot;camera&quot;:&quot;&quot;,&quot;caption&quot;:&quot;&quot;,&quot;created_timestamp&quot;:&quot;0&quot;,&quot;copyright&quot;:&quot;&quot;,&quot;focal_length&quot;:&quot;0&quot;,&quot;iso&quot;:&quot;0&quot;,&quot;shutter_speed&quot;:&quot;0&quot;,&quot;title&quot;:&quot;&quot;,&quot;orientation&quot;:&quot;0&quot;}\" data-image-title=\"Reglementation-en-elevage (2)\" data-image-description=\"\" data-image-caption=\"\" data-large-file=\"https:\/\/i0.wp.com\/chatterie-du-serval.fr\/wp-content\/uploads\/2025\/04\/Reglementation-en-elevage-2.jpg?fit=660%2C553&amp;ssl=1\" class=\"alignnone size-full wp-image-1761\" src=\"https:\/\/i0.wp.com\/chatterie-du-serval.fr\/wp-content\/uploads\/2025\/04\/Reglementation-en-elevage-2.jpg?resize=660%2C553\" alt=\"\" width=\"660\" height=\"553\" srcset=\"https:\/\/i0.wp.com\/chatterie-du-serval.fr\/wp-content\/uploads\/2025\/04\/Reglementation-en-elevage-2.jpg?w=940&amp;ssl=1 940w, https:\/\/i0.wp.com\/chatterie-du-serval.fr\/wp-content\/uploads\/2025\/04\/Reglementation-en-elevage-2.jpg?resize=300%2C251&amp;ssl=1 300w, https:\/\/i0.wp.com\/chatterie-du-serval.fr\/wp-content\/uploads\/2025\/04\/Reglementation-en-elevage-2.jpg?resize=768%2C644&amp;ssl=1 768w\" sizes=\"auto, (max-width: 660px) 100vw, 660px\" \/><\/a><\/p>\n\n<div class=\"wp-block-image\">\n<figure class=\"aligncenter size-large\"><img data-recalc-dims=\"1\" loading=\"lazy\" decoding=\"async\" width=\"660\" height=\"935\" data-attachment-id=\"995\" data-permalink=\"https:\/\/chatterie-du-serval.fr\/?attachment_id=995\" data-orig-file=\"https:\/\/i0.wp.com\/chatterie-du-serval.fr\/wp-content\/uploads\/2020\/06\/104199797_1655462481282089_1455109131306611572_n.jpg?fit=678%2C960&amp;ssl=1\" data-orig-size=\"678,960\" data-comments-opened=\"0\" data-image-meta=\"{&quot;aperture&quot;:&quot;0&quot;,&quot;credit&quot;:&quot;&quot;,&quot;camera&quot;:&quot;&quot;,&quot;caption&quot;:&quot;&quot;,&quot;created_timestamp&quot;:&quot;0&quot;,&quot;copyright&quot;:&quot;&quot;,&quot;focal_length&quot;:&quot;0&quot;,&quot;iso&quot;:&quot;0&quot;,&quot;shutter_speed&quot;:&quot;0&quot;,&quot;title&quot;:&quot;&quot;,&quot;orientation&quot;:&quot;0&quot;}\" data-image-title=\"104199797_1655462481282089_1455109131306611572_n\" data-image-description=\"\" data-image-caption=\"\" data-large-file=\"https:\/\/i0.wp.com\/chatterie-du-serval.fr\/wp-content\/uploads\/2020\/06\/104199797_1655462481282089_1455109131306611572_n.jpg?fit=660%2C935&amp;ssl=1\" src=\"https:\/\/i0.wp.com\/chatterie-du-serval.fr\/wp-content\/uploads\/2020\/06\/104199797_1655462481282089_1455109131306611572_n.jpg?resize=660%2C935\" alt=\"\" class=\"wp-image-995\" srcset=\"https:\/\/i0.wp.com\/chatterie-du-serval.fr\/wp-content\/uploads\/2020\/06\/104199797_1655462481282089_1455109131306611572_n.jpg?w=678&amp;ssl=1 678w, https:\/\/i0.wp.com\/chatterie-du-serval.fr\/wp-content\/uploads\/2020\/06\/104199797_1655462481282089_1455109131306611572_n.jpg?resize=212%2C300&amp;ssl=1 212w\" sizes=\"auto, (max-width: 660px) 100vw, 660px\" \/><\/figure>\n<\/div>\n\n\n<p><\/p>\n\n\n\n<h2 class=\"wp-block-heading has-text-align-center\">Vous adoptez un animal ?<\/h2>\n\n\n\n<figure class=\"wp-block-image size-full\"><a href=\"https:\/\/i0.wp.com\/chatterie-du-serval.fr\/wp-content\/uploads\/2023\/07\/thumbnail-1.jpg\"><img data-recalc-dims=\"1\" loading=\"lazy\" decoding=\"async\" width=\"660\" height=\"283\" data-attachment-id=\"1532\" data-permalink=\"https:\/\/chatterie-du-serval.fr\/?attachment_id=1532\" data-orig-file=\"https:\/\/i0.wp.com\/chatterie-du-serval.fr\/wp-content\/uploads\/2023\/07\/thumbnail-1.jpg?fit=960%2C412&amp;ssl=1\" data-orig-size=\"960,412\" data-comments-opened=\"0\" data-image-meta=\"{&quot;aperture&quot;:&quot;0&quot;,&quot;credit&quot;:&quot;&quot;,&quot;camera&quot;:&quot;&quot;,&quot;caption&quot;:&quot;&quot;,&quot;created_timestamp&quot;:&quot;0&quot;,&quot;copyright&quot;:&quot;&quot;,&quot;focal_length&quot;:&quot;0&quot;,&quot;iso&quot;:&quot;0&quot;,&quot;shutter_speed&quot;:&quot;0&quot;,&quot;title&quot;:&quot;&quot;,&quot;orientation&quot;:&quot;0&quot;}\" data-image-title=\"thumbnail (1)\" data-image-description=\"\" data-image-caption=\"\" data-large-file=\"https:\/\/i0.wp.com\/chatterie-du-serval.fr\/wp-content\/uploads\/2023\/07\/thumbnail-1.jpg?fit=660%2C283&amp;ssl=1\" src=\"https:\/\/i0.wp.com\/chatterie-du-serval.fr\/wp-content\/uploads\/2023\/07\/thumbnail-1.jpg?resize=660%2C283\" alt=\"\" class=\"wp-image-1532\" srcset=\"https:\/\/i0.wp.com\/chatterie-du-serval.fr\/wp-content\/uploads\/2023\/07\/thumbnail-1.jpg?w=960&amp;ssl=1 960w, https:\/\/i0.wp.com\/chatterie-du-serval.fr\/wp-content\/uploads\/2023\/07\/thumbnail-1.jpg?resize=300%2C129&amp;ssl=1 300w, https:\/\/i0.wp.com\/chatterie-du-serval.fr\/wp-content\/uploads\/2023\/07\/thumbnail-1.jpg?resize=768%2C330&amp;ssl=1 768w\" sizes=\"auto, (max-width: 660px) 100vw, 660px\" \/><\/a><\/figure>\n\n\n<div class=\"wp-block-image\">\n<figure class=\"aligncenter\"><a href=\"https:\/\/i0.wp.com\/chatterie-du-serval.fr\/wp-content\/uploads\/2024\/06\/mediateur.jpg\"><img data-recalc-dims=\"1\" loading=\"lazy\" decoding=\"async\" width=\"216\" height=\"215\" data-attachment-id=\"1643\" data-permalink=\"https:\/\/chatterie-du-serval.fr\/?attachment_id=1643\" data-orig-file=\"https:\/\/i0.wp.com\/chatterie-du-serval.fr\/wp-content\/uploads\/2024\/06\/mediateur.jpg?fit=216%2C215&amp;ssl=1\" data-orig-size=\"216,215\" data-comments-opened=\"0\" data-image-meta=\"{&quot;aperture&quot;:&quot;0&quot;,&quot;credit&quot;:&quot;Christophe D.&quot;,&quot;camera&quot;:&quot;&quot;,&quot;caption&quot;:&quot;&quot;,&quot;created_timestamp&quot;:&quot;1718611013&quot;,&quot;copyright&quot;:&quot;&quot;,&quot;focal_length&quot;:&quot;0&quot;,&quot;iso&quot;:&quot;0&quot;,&quot;shutter_speed&quot;:&quot;0&quot;,&quot;title&quot;:&quot;&quot;,&quot;orientation&quot;:&quot;0&quot;}\" data-image-title=\"mediateur\" data-image-description=\"\" data-image-caption=\"\" data-large-file=\"https:\/\/i0.wp.com\/chatterie-du-serval.fr\/wp-content\/uploads\/2024\/06\/mediateur.jpg?fit=216%2C215&amp;ssl=1\" src=\"https:\/\/i0.wp.com\/chatterie-du-serval.fr\/wp-content\/uploads\/2024\/06\/mediateur.jpg?resize=216%2C215\" alt=\"\" class=\"wp-image-1643\" srcset=\"https:\/\/i0.wp.com\/chatterie-du-serval.fr\/wp-content\/uploads\/2024\/06\/mediateur.jpg?w=216&amp;ssl=1 216w, https:\/\/i0.wp.com\/chatterie-du-serval.fr\/wp-content\/uploads\/2024\/06\/mediateur.jpg?resize=150%2C150&amp;ssl=1 150w\" sizes=\"auto, (max-width: 216px) 100vw, 216px\" \/><\/a><\/figure>\n<\/div>\n\n\n<p class=\"has-text-align-center\">Dans le cadre de l\u2019obligation de d\u00e9signation d\u2019un m\u00e9diateur \u00e0 la consommation<\/p>\n\n\n\n<p class=\"has-text-align-center\">nous d\u00e9signons le m\u00e9diateur rattach\u00e9 au SNPCC<\/p>\n\n\n\n<p class=\"has-text-align-center\">&nbsp;&nbsp;&nbsp;&nbsp;&nbsp;&nbsp;&nbsp;&nbsp;&nbsp;&nbsp;&nbsp;&nbsp;&nbsp;&nbsp;&nbsp;&nbsp;&nbsp;&nbsp;&nbsp;&nbsp;&nbsp;&nbsp;&nbsp;&nbsp;&nbsp;&nbsp;&nbsp;<strong>CM2C &#8211; 49 Rue de Ponthieu 75008 PARIS.<\/strong><\/p>\n","protected":false},"excerpt":{"rendered":"<p>Pour suivre la vie de la Chatterie merci d&rsquo;aimer\u00a0ma page Facebook\u00a0 Si vous n&rsquo;avez pas de compte Facebook vous pouvez me contacter par mail \u00e0 sandradubief@yahoo.fr Prochaines naissances : \u00e9t\u00e9 et automne 2026.\u00a0 2026 ann\u00e9e des B comme premi\u00e8re lettre \u00e0 donner \u00e0 un chat LOOF. Je vous laisse le choix du pr\u00e9nom jusqu&rsquo;au 2 &hellip; <a href=\"https:\/\/chatterie-du-serval.fr\/?page_id=86\" class=\"more-link\">Continuer la lecture de <span class=\"screen-reader-text\">Conditions d&rsquo;adoption<\/span><\/a><\/p>\n","protected":false},"author":1,"featured_media":0,"parent":0,"menu_order":0,"comment_status":"closed","ping_status":"open","template":"","meta":{"footnotes":""},"class_list":["post-86","page","type-page","status-publish","hentry"],"jetpack_sharing_enabled":true,"jetpack_shortlink":"https:\/\/wp.me\/P62eiX-1o","jetpack-related-posts":[],"_links":{"self":[{"href":"https:\/\/chatterie-du-serval.fr\/index.php?rest_route=\/wp\/v2\/pages\/86","targetHints":{"allow":["GET"]}}],"collection":[{"href":"https:\/\/chatterie-du-serval.fr\/index.php?rest_route=\/wp\/v2\/pages"}],"about":[{"href":"https:\/\/chatterie-du-serval.fr\/index.php?rest_route=\/wp\/v2\/types\/page"}],"author":[{"embeddable":true,"href":"https:\/\/chatterie-du-serval.fr\/index.php?rest_route=\/wp\/v2\/users\/1"}],"replies":[{"embeddable":true,"href":"https:\/\/chatterie-du-serval.fr\/index.php?rest_route=%2Fwp%2Fv2%2Fcomments&post=86"}],"version-history":[{"count":185,"href":"https:\/\/chatterie-du-serval.fr\/index.php?rest_route=\/wp\/v2\/pages\/86\/revisions"}],"predecessor-version":[{"id":1988,"href":"https:\/\/chatterie-du-serval.fr\/index.php?rest_route=\/wp\/v2\/pages\/86\/revisions\/1988"}],"wp:attachment":[{"href":"https:\/\/chatterie-du-serval.fr\/index.php?rest_route=%2Fwp%2Fv2%2Fmedia&parent=86"}],"curies":[{"name":"wp","href":"https:\/\/api.w.org\/{rel}","templated":true}]}}