{"id":88,"date":"2015-02-22T16:49:12","date_gmt":"2015-02-22T16:49:12","guid":{"rendered":"http:\/\/chatterie-du-serval.fr\/?page_id=88"},"modified":"2025-11-16T08:52:20","modified_gmt":"2025-11-16T08:52:20","slug":"contact","status":"publish","type":"page","link":"https:\/\/chatterie-du-serval.fr\/?page_id=88","title":{"rendered":"Contact"},"content":{"rendered":"<p>Chatterie fran\u00e7aise.<\/p>\n<p>Nous sommes situ\u00e9s \u00e0 FAVERGES-DE-LA-TOUR dans le 38, entre Lyon et Grenoble.<\/p>\n<p>N&rsquo;h\u00e9sitez pas \u00e0 me contacter par mail sur <a href=\"mailto:sandradubief@yahoo.fr\">sandradubief@yahoo.fr<\/a><\/p>\n<p>et \u00e0 aimer notre page Facebook pour suivre les aventures de nos loulous et consulter toutes les photos :<\/p>\n<p><a href=\"https:\/\/www.facebook.com\/chatterieduserval\/\">https:\/\/www.facebook.com\/chatterieduserval\/<\/a><\/p>\n","protected":false},"excerpt":{"rendered":"<p>Chatterie fran\u00e7aise. Nous sommes situ\u00e9s \u00e0 FAVERGES-DE-LA-TOUR dans le 38, entre Lyon et Grenoble. N&rsquo;h\u00e9sitez pas \u00e0 me contacter par mail sur sandradubief@yahoo.fr et \u00e0 aimer notre page Facebook pour suivre les aventures de nos loulous et consulter toutes les photos : https:\/\/www.facebook.com\/chatterieduserval\/<\/p>\n","protected":false},"author":1,"featured_media":0,"parent":0,"menu_order":0,"comment_status":"closed","ping_status":"open","template":"","meta":{"jetpack_post_was_ever_published":false,"footnotes":""},"class_list":["post-88","page","type-page","status-publish","hentry"],"jetpack_sharing_enabled":true,"jetpack_shortlink":"https:\/\/wp.me\/P62eiX-1q","jetpack-related-posts":[],"_links":{"self":[{"href":"https:\/\/chatterie-du-serval.fr\/index.php?rest_route=\/wp\/v2\/pages\/88","targetHints":{"allow":["GET"]}}],"collection":[{"href":"https:\/\/chatterie-du-serval.fr\/index.php?rest_route=\/wp\/v2\/pages"}],"about":[{"href":"https:\/\/chatterie-du-serval.fr\/index.php?rest_route=\/wp\/v2\/types\/page"}],"author":[{"embeddable":true,"href":"https:\/\/chatterie-du-serval.fr\/index.php?rest_route=\/wp\/v2\/users\/1"}],"replies":[{"embeddable":true,"href":"https:\/\/chatterie-du-serval.fr\/index.php?rest_route=%2Fwp%2Fv2%2Fcomments&post=88"}],"version-history":[{"count":7,"href":"https:\/\/chatterie-du-serval.fr\/index.php?rest_route=\/wp\/v2\/pages\/88\/revisions"}],"predecessor-version":[{"id":1892,"href":"https:\/\/chatterie-du-serval.fr\/index.php?rest_route=\/wp\/v2\/pages\/88\/revisions\/1892"}],"wp:attachment":[{"href":"https:\/\/chatterie-du-serval.fr\/index.php?rest_route=%2Fwp%2Fv2%2Fmedia&parent=88"}],"curies":[{"name":"wp","href":"https:\/\/api.w.org\/{rel}","templated":true}]}}